{"id":7219,"date":"2025-04-23T15:22:29","date_gmt":"2025-04-23T15:22:29","guid":{"rendered":"https:\/\/adriacentar.com\/?page_id=7219"},"modified":"2025-04-23T15:23:13","modified_gmt":"2025-04-23T15:23:13","slug":"odbijeno-placanje","status":"publish","type":"page","link":"https:\/\/adriacentar.com\/en\/odbijeno-placanje\/","title":{"rendered":"Neuspjesno placanje"},"content":{"rendered":"<div class=\"wpb-content-wrapper\"><section class=\"vc_row wpb_row vc_row-fluid bg-light not-equal not-color vc_custom_1744371614329\"><div class=\"container\"><div class=\"row\"><div class=\"wpb_column vc_column_container vc_col-sm-12\"><div class=\"vc_column-inner\"><div class=\"wpb_wrapper\">\n\t<div  class=\"wpb_single_image wpb_content_element vc_align_center wpb_content_element  full-width-image\">\n\t\t\n\t\t<figure class=\"wpb_wrapper vc_figure\">\n\t\t\t<div class=\"vc_single_image-wrapper   vc_box_border_grey\"><img loading=\"lazy\" decoding=\"async\" width=\"1920\" height=\"1080\" src=\"https:\/\/adriacentar.com\/wp-content\/uploads\/2025\/04\/adria-centar-kocusa-pp-cover-1920px-opt.jpg\" class=\"vc_single_image-img attachment-full\" alt=\"Adria Centar Ko\u0107u\u0161a - Politika privatnosti\" title=\"adria-centar-kocusa-pp-cover-1920px-opt\" srcset=\"https:\/\/adriacentar.com\/wp-content\/uploads\/2025\/04\/adria-centar-kocusa-pp-cover-1920px-opt.jpg 1920w, https:\/\/adriacentar.com\/wp-content\/uploads\/2025\/04\/adria-centar-kocusa-pp-cover-1920px-opt-300x169.jpg 300w, https:\/\/adriacentar.com\/wp-content\/uploads\/2025\/04\/adria-centar-kocusa-pp-cover-1920px-opt-1024x576.jpg 1024w, https:\/\/adriacentar.com\/wp-content\/uploads\/2025\/04\/adria-centar-kocusa-pp-cover-1920px-opt-768x432.jpg 768w, https:\/\/adriacentar.com\/wp-content\/uploads\/2025\/04\/adria-centar-kocusa-pp-cover-1920px-opt-1536x864.jpg 1536w, https:\/\/adriacentar.com\/wp-content\/uploads\/2025\/04\/adria-centar-kocusa-pp-cover-1920px-opt-18x10.jpg 18w\" sizes=\"auto, (max-width: 1920px) 100vw, 1920px\" \/><\/div>\n\t\t<\/figure>\n\t<\/div>\n<\/div><\/div><\/div><\/div><\/div><\/section><section class=\"vc_row wpb_row vc_row-fluid bg-light not-equal not-color\"><div class=\"container\"><div class=\"row\"><div class=\"wpb_column vc_column_container vc_col-sm-2\"><div class=\"vc_column-inner\"><div class=\"wpb_wrapper\"><\/div><\/div><\/div><div class=\"wpb_column vc_column_container vc_col-sm-8\"><div class=\"vc_column-inner vc_custom_1716886962439\"><div class=\"wpb_wrapper\"><div class=\"headings-title\"><div class=\"mb0 mb16 mb-xs-40 text-center\"><h2 style=\"text-transform: none!important;\" class=\"widgettitle mb0\">Payment declined<\/h2><\/div><\/div>\n\t<div class=\"wpb_text_column wpb_content_element vc_custom_1745421740507\" >\n\t\t<div class=\"wpb_wrapper\">\n\t\t\t<p style=\"text-align: center;\"><strong>An error occurred during the payment process, your reservation was not confirmed.<\/strong><\/p>\n<p style=\"text-align: center;\">For more information, please contact us at <a href=\"tel:+38763490500\">+387 63 490 500<\/a> or <a href=\"mailto:info@adriacentar.com\">info@adriacentar.com<\/a> .<\/p>\n<p style=\"text-align: center;\">Adria Centar Ko\u0107u\u0161a<\/p>\n\n\t\t<\/div>\n\t<\/div>\n<\/div><\/div><\/div><div class=\"wpb_column vc_column_container vc_col-sm-2\"><div class=\"vc_column-inner\"><div class=\"wpb_wrapper\"><\/div><\/div><\/div><\/div><\/div><\/section><section class=\"vc_row wpb_row vc_row-fluid bg-light not-equal not-color\"><div class=\"container\"><div class=\"row\"><div class=\"wpb_column vc_column_container vc_col-sm-12\"><div class=\"vc_column-inner\"><div class=\"wpb_wrapper\"><div class=\"tlg-spacer\" data-height=\"20\" data-height-tablet=\"20\" data-height-mobile=\"20\" style=\"clear:both;display:block;height:20px;\"><\/div><\/div><\/div><\/div><\/div><\/div><\/section>\n<\/div>","protected":false},"excerpt":{"rendered":"Pla\u0107anje neuspje\u0161no! Do\u0161lo je do gre\u0161ke u procesu pla\u0107anja i rezervacija nije potvr\u0111ena. Molimo da nas kontaktirate na +387 63 490 500 ili info@adriacentar.com...","protected":false},"author":2,"featured_media":0,"parent":0,"menu_order":0,"comment_status":"closed","ping_status":"closed","template":"","meta":{"footnotes":""},"class_list":["post-7219","page","type-page","status-publish","hentry"],"_links":{"self":[{"href":"https:\/\/adriacentar.com\/en\/wp-json\/wp\/v2\/pages\/7219","targetHints":{"allow":["GET"]}}],"collection":[{"href":"https:\/\/adriacentar.com\/en\/wp-json\/wp\/v2\/pages"}],"about":[{"href":"https:\/\/adriacentar.com\/en\/wp-json\/wp\/v2\/types\/page"}],"author":[{"embeddable":true,"href":"https:\/\/adriacentar.com\/en\/wp-json\/wp\/v2\/users\/2"}],"replies":[{"embeddable":true,"href":"https:\/\/adriacentar.com\/en\/wp-json\/wp\/v2\/comments?post=7219"}],"version-history":[{"count":3,"href":"https:\/\/adriacentar.com\/en\/wp-json\/wp\/v2\/pages\/7219\/revisions"}],"predecessor-version":[{"id":7225,"href":"https:\/\/adriacentar.com\/en\/wp-json\/wp\/v2\/pages\/7219\/revisions\/7225"}],"wp:attachment":[{"href":"https:\/\/adriacentar.com\/en\/wp-json\/wp\/v2\/media?parent=7219"}],"curies":[{"name":"wp","href":"https:\/\/api.w.org\/{rel}","templated":true}]}}