{"id":7025,"date":"2025-04-11T13:32:56","date_gmt":"2025-04-11T13:32:56","guid":{"rendered":"https:\/\/adriacentar.com\/?page_id=7025"},"modified":"2025-04-23T16:24:38","modified_gmt":"2025-04-23T16:24:38","slug":"hvala","status":"publish","type":"page","link":"https:\/\/adriacentar.com\/en\/hvala\/","title":{"rendered":"Uspje\u0161na rezervacija"},"content":{"rendered":"<div class=\"wpb-content-wrapper\"><section class=\"vc_row wpb_row vc_row-fluid bg-light not-equal not-color vc_custom_1744371614329\"><div class=\"container\"><div class=\"row\"><div class=\"wpb_column vc_column_container vc_col-sm-12\"><div class=\"vc_column-inner\"><div class=\"wpb_wrapper\">\n\t<div  class=\"wpb_single_image wpb_content_element vc_align_center wpb_content_element  full-width-image\">\n\t\t\n\t\t<figure class=\"wpb_wrapper vc_figure\">\n\t\t\t<div class=\"vc_single_image-wrapper   vc_box_border_grey\"><img loading=\"lazy\" decoding=\"async\" width=\"1920\" height=\"1080\" src=\"https:\/\/adriacentar.com\/wp-content\/uploads\/2025\/04\/adria-centar-kocusa-pp-cover-1920px-opt.jpg\" class=\"vc_single_image-img attachment-full\" alt=\"Adria Centar Ko\u0107u\u0161a - Politika privatnosti\" title=\"adria-centar-kocusa-pp-cover-1920px-opt\" srcset=\"https:\/\/adriacentar.com\/wp-content\/uploads\/2025\/04\/adria-centar-kocusa-pp-cover-1920px-opt.jpg 1920w, https:\/\/adriacentar.com\/wp-content\/uploads\/2025\/04\/adria-centar-kocusa-pp-cover-1920px-opt-300x169.jpg 300w, https:\/\/adriacentar.com\/wp-content\/uploads\/2025\/04\/adria-centar-kocusa-pp-cover-1920px-opt-1024x576.jpg 1024w, https:\/\/adriacentar.com\/wp-content\/uploads\/2025\/04\/adria-centar-kocusa-pp-cover-1920px-opt-768x432.jpg 768w, https:\/\/adriacentar.com\/wp-content\/uploads\/2025\/04\/adria-centar-kocusa-pp-cover-1920px-opt-1536x864.jpg 1536w, https:\/\/adriacentar.com\/wp-content\/uploads\/2025\/04\/adria-centar-kocusa-pp-cover-1920px-opt-18x10.jpg 18w\" sizes=\"auto, (max-width: 1920px) 100vw, 1920px\" \/><\/div>\n\t\t<\/figure>\n\t<\/div>\n<\/div><\/div><\/div><\/div><\/div><\/section><section class=\"vc_row wpb_row vc_row-fluid bg-light not-equal not-color\"><div class=\"container\"><div class=\"row\"><div class=\"wpb_column vc_column_container vc_col-sm-2\"><div class=\"vc_column-inner\"><div class=\"wpb_wrapper\"><\/div><\/div><\/div><div class=\"wpb_column vc_column_container vc_col-sm-8\"><div class=\"vc_column-inner vc_custom_1716886962439\"><div class=\"wpb_wrapper\"><div class=\"headings-title\"><div class=\"mb0 mb16 mb-xs-40 text-center\"><h2 style=\"text-transform: none!important;\" class=\"widgettitle mb0\">Payment succesful.<\/h2><\/div><\/div>\n\t<div class=\"wpb_text_column wpb_content_element vc_custom_1745425452451\" >\n\t\t<div class=\"wpb_wrapper\">\n\t\t\t<p style=\"text-align: center;\"><strong>Your reservation is confirmed.<\/strong><\/p>\n<p style=\"text-align: center;\">Do not hesitate to contact us for any additional questions. We look forward to seeing you soon.<\/p>\n<p style=\"text-align: center;\">Adria Centar Ko\u0107u\u0161a<\/p>\n\n\t\t<\/div>\n\t<\/div>\n<\/div><\/div><\/div><div class=\"wpb_column vc_column_container vc_col-sm-2\"><div class=\"vc_column-inner\"><div class=\"wpb_wrapper\"><\/div><\/div><\/div><\/div><\/div><\/section><section class=\"vc_row wpb_row vc_row-fluid bg-light not-equal not-color\"><div class=\"container\"><div class=\"row\"><div class=\"wpb_column vc_column_container vc_col-sm-12\"><div class=\"vc_column-inner\"><div class=\"wpb_wrapper\"><div class=\"tlg-spacer\" data-height=\"20\" data-height-tablet=\"20\" data-height-mobile=\"20\" style=\"clear:both;display:block;height:20px;\"><\/div><\/div><\/div><\/div><\/div><\/div><\/section>\n<\/div>","protected":false},"excerpt":{"rendered":"Uplata je izvr\u0161ena uspje\u0161no. Va\u0161a rezervacija je potvr\u0111ena. Stojimo Vam na raspolaganju za sva dodatna pitanja i radujemo se skorom susretu. Va\u0161 Adria Centar...","protected":false},"author":2,"featured_media":0,"parent":0,"menu_order":0,"comment_status":"closed","ping_status":"closed","template":"","meta":{"footnotes":""},"class_list":["post-7025","page","type-page","status-publish","hentry"],"_links":{"self":[{"href":"https:\/\/adriacentar.com\/en\/wp-json\/wp\/v2\/pages\/7025","targetHints":{"allow":["GET"]}}],"collection":[{"href":"https:\/\/adriacentar.com\/en\/wp-json\/wp\/v2\/pages"}],"about":[{"href":"https:\/\/adriacentar.com\/en\/wp-json\/wp\/v2\/types\/page"}],"author":[{"embeddable":true,"href":"https:\/\/adriacentar.com\/en\/wp-json\/wp\/v2\/users\/2"}],"replies":[{"embeddable":true,"href":"https:\/\/adriacentar.com\/en\/wp-json\/wp\/v2\/comments?post=7025"}],"version-history":[{"count":6,"href":"https:\/\/adriacentar.com\/en\/wp-json\/wp\/v2\/pages\/7025\/revisions"}],"predecessor-version":[{"id":7217,"href":"https:\/\/adriacentar.com\/en\/wp-json\/wp\/v2\/pages\/7025\/revisions\/7217"}],"wp:attachment":[{"href":"https:\/\/adriacentar.com\/en\/wp-json\/wp\/v2\/media?parent=7025"}],"curies":[{"name":"wp","href":"https:\/\/api.w.org\/{rel}","templated":true}]}}