{"id":7015,"date":"2025-04-11T12:42:17","date_gmt":"2025-04-11T12:42:17","guid":{"rendered":"https:\/\/adriacentar.com\/?page_id=7015"},"modified":"2025-04-11T12:46:36","modified_gmt":"2025-04-11T12:46:36","slug":"politika-privatnosti","status":"publish","type":"page","link":"https:\/\/adriacentar.com\/en\/politika-privatnosti\/","title":{"rendered":"Politika privatnosti"},"content":{"rendered":"<div class=\"wpb-content-wrapper\"><section class=\"vc_row wpb_row vc_row-fluid bg-light not-equal not-color vc_custom_1744371614329\"><div class=\"container\"><div class=\"row\"><div class=\"wpb_column vc_column_container vc_col-sm-12\"><div class=\"vc_column-inner\"><div class=\"wpb_wrapper\">\n\t<div  class=\"wpb_single_image wpb_content_element vc_align_center wpb_content_element  full-width-image\">\n\t\t\n\t\t<figure class=\"wpb_wrapper vc_figure\">\n\t\t\t<div class=\"vc_single_image-wrapper   vc_box_border_grey\"><img loading=\"lazy\" decoding=\"async\" width=\"1920\" height=\"1080\" src=\"https:\/\/adriacentar.com\/wp-content\/uploads\/2025\/04\/adria-centar-kocusa-pp-cover-1920px-opt.jpg\" class=\"vc_single_image-img attachment-full\" alt=\"Adria Centar Ko\u0107u\u0161a - Politika privatnosti\" title=\"adria-centar-kocusa-pp-cover-1920px-opt\" srcset=\"https:\/\/adriacentar.com\/wp-content\/uploads\/2025\/04\/adria-centar-kocusa-pp-cover-1920px-opt.jpg 1920w, https:\/\/adriacentar.com\/wp-content\/uploads\/2025\/04\/adria-centar-kocusa-pp-cover-1920px-opt-300x169.jpg 300w, https:\/\/adriacentar.com\/wp-content\/uploads\/2025\/04\/adria-centar-kocusa-pp-cover-1920px-opt-1024x576.jpg 1024w, https:\/\/adriacentar.com\/wp-content\/uploads\/2025\/04\/adria-centar-kocusa-pp-cover-1920px-opt-768x432.jpg 768w, https:\/\/adriacentar.com\/wp-content\/uploads\/2025\/04\/adria-centar-kocusa-pp-cover-1920px-opt-1536x864.jpg 1536w, https:\/\/adriacentar.com\/wp-content\/uploads\/2025\/04\/adria-centar-kocusa-pp-cover-1920px-opt-18x10.jpg 18w\" sizes=\"auto, (max-width: 1920px) 100vw, 1920px\" \/><\/div>\n\t\t<\/figure>\n\t<\/div>\n<\/div><\/div><\/div><\/div><\/div><\/section><section class=\"vc_row wpb_row vc_row-fluid bg-light not-equal not-color\"><div class=\"container\"><div class=\"row\"><div class=\"wpb_column vc_column_container vc_col-sm-2\"><div class=\"vc_column-inner\"><div class=\"wpb_wrapper\"><\/div><\/div><\/div><div class=\"wpb_column vc_column_container vc_col-sm-8\"><div class=\"vc_column-inner vc_custom_1716886962439\"><div class=\"wpb_wrapper\"><div class=\"headings-title\"><div class=\"mb0 mb16 mb-xs-40 text-center\"><h2 style=\"text-transform: none!important;\" class=\"widgettitle mb0\">Politika privatnosti<\/h2><\/div><\/div>\n\t<div class=\"wpb_text_column wpb_content_element vc_custom_1744374681794\" >\n\t\t<div class=\"wpb_wrapper\">\n\t\t\t<p><strong>UPOTREBA KOLA\u010cI\u0106A (ENGLESKI: COOKIES)<\/strong><\/p>\n<p>Kako bi stranica www.adriacentar.com ispravno radila i kako bi pru\u017eala bolje korisni\u010dko iskustvo pregledavanja, na Va\u0161e ra\u010dunalo\/pametni ure\u0111aj moramo spremiti malu koli\u010dinu informacija, tzv. kola\u010di\u0107e. Preko 90% web stranica koristi ovaj na\u010din prikupljanja korisni\u010dkih podataka.<\/p>\n<p>Kori\u0161tenjem www.adriacentar.com pristajete na kori\u0161tenje kola\u010di\u0107a. Blokiranjem kola\u010di\u0107a u va\u0161em internetskom pregledniku i dalje mo\u017eete pregledavati stranicu, ali Vam neke funkcionalnosti koje se oslanjaju na kola\u010di\u0107e ne\u0107e biti dostupne.<\/p>\n<p><strong>\u0160to su kola\u010di\u0107i?<\/strong><\/p>\n<p>Kola\u010di\u0107i su male tekstualne datoteke koje prikupljaju podatke poput Va\u0161e IP adrese, vrste Internet preglednika i postavke u odnosu na Va\u0161e ra\u010dunalo, pametni telefon ili drugi ure\u0111aj za pristup internetu, i to svaki put kada posjetite na\u0161u Internet stranicu.<\/p>\n<p>Postoje tri vrste kola\u010di\u0107a koje koristimo: privremeni, koji istje\u010du nakon \u0161to zatvorite preglednik i slu\u017ee podr\u017eavanju funkcionalnosti na\u0161e Internet stranice, a prikupljaju informacije o tome kako ste koristili na\u0161u Internet stranicu, koje odjeljke ste to\u010dno posjetili, na koji na\u010din i koliko dugo; stalni, \u010dija je svrha da prepoznaju korisnika prilikom sljede\u0107ih posjeta, te da bilje\u017ee druge povezane stranice koje posje\u0107ujete, a \u010dija je svrha optimizacija i ubrzavanje online iskustva i koji traju dok ih korisnik ne izbri\u0161e; statisti\u010dki, koji slu\u017ee mjerenju na\u010dina na koji se korisnici pona\u0161aju u interakciji s Internet sadr\u017eajem, te omogu\u0107avaju plasiranje usmjerenih marketin\u0161kih poruka korisnicima koji su posjetili na\u0161u Internet stranicu.<\/p>\n<p>Sve navedene podatke obra\u0111ujemo u svrhu boljeg razumijevanja Va\u0161ih interesa i potreba te time i kvalitetnijim unapre\u0111enjem na\u0161e ponude.<\/p>\n<p>&nbsp;<\/p>\n<p><strong>ZA\u0160TITA I PRIKUPLJANJE OSOBNIH PODATAKA<\/strong><\/p>\n<p>Obavezujemo se pru\u017eati za\u0161titu osobnim podacima kupaca, na na\u010din da prikupljamo samo nu\u017ene, osnovne podatke o kupcima \/ korisnicima koji su nu\u017eni za ispunjenje na\u0161ih obveza; informiramo kupce o na\u010dinu kori\u0161tenja prikupljenih podataka, redovito dajemo kupcima mogu\u0107nost izbora o upotrebi njihovih podataka, uklju\u010duju\u0107i mogu\u0107nost odluke \u017eele li ili ne da se njihovo ime ukloni s lista koje se koriste za marketin\u0161ke kampanje.<\/p>\n<p>Svi se podaci o korisnicima strogo \u010duvaju i dostupni su samo djelatnicima kojima su ti podaci nu\u017eni za obavljanje posla. Svi na\u0161i djelatnici i poslovni partneri odgovorni su za po\u0161tivanje na\u010dela za\u0161tite privatnosti.<\/p>\n\n\t\t<\/div>\n\t<\/div>\n<\/div><\/div><\/div><div class=\"wpb_column vc_column_container vc_col-sm-2\"><div class=\"vc_column-inner\"><div class=\"wpb_wrapper\"><\/div><\/div><\/div><\/div><\/div><\/section><section class=\"vc_row wpb_row vc_row-fluid bg-light not-equal not-color\"><div class=\"container\"><div class=\"row\"><div class=\"wpb_column vc_column_container vc_col-sm-12\"><div class=\"vc_column-inner\"><div class=\"wpb_wrapper\"><div class=\"tlg-spacer\" data-height=\"20\" data-height-tablet=\"20\" data-height-mobile=\"20\" style=\"clear:both;display:block;height:20px;\"><\/div><\/div><\/div><\/div><\/div><\/div><\/section>\n<\/div>","protected":false},"excerpt":{"rendered":"Politika privatnosti UPOTREBA KOLA\u010cI\u0106A (ENGLESKI: COOKIES) Kako bi stranica www.adriacentar.com ispravno radila i kako bi pru\u017eala bolje korisni\u010dko iskustvo pregledavanja, na Va\u0161e ra\u010dunalo\/pametni ure\u0111aj...","protected":false},"author":2,"featured_media":0,"parent":0,"menu_order":0,"comment_status":"closed","ping_status":"closed","template":"","meta":{"footnotes":""},"class_list":["post-7015","page","type-page","status-publish","hentry"],"_links":{"self":[{"href":"https:\/\/adriacentar.com\/en\/wp-json\/wp\/v2\/pages\/7015","targetHints":{"allow":["GET"]}}],"collection":[{"href":"https:\/\/adriacentar.com\/en\/wp-json\/wp\/v2\/pages"}],"about":[{"href":"https:\/\/adriacentar.com\/en\/wp-json\/wp\/v2\/types\/page"}],"author":[{"embeddable":true,"href":"https:\/\/adriacentar.com\/en\/wp-json\/wp\/v2\/users\/2"}],"replies":[{"embeddable":true,"href":"https:\/\/adriacentar.com\/en\/wp-json\/wp\/v2\/comments?post=7015"}],"version-history":[{"count":1,"href":"https:\/\/adriacentar.com\/en\/wp-json\/wp\/v2\/pages\/7015\/revisions"}],"predecessor-version":[{"id":7017,"href":"https:\/\/adriacentar.com\/en\/wp-json\/wp\/v2\/pages\/7015\/revisions\/7017"}],"wp:attachment":[{"href":"https:\/\/adriacentar.com\/en\/wp-json\/wp\/v2\/media?parent=7015"}],"curies":[{"name":"wp","href":"https:\/\/api.w.org\/{rel}","templated":true}]}}