{"id":6937,"date":"2025-04-09T20:02:45","date_gmt":"2025-04-09T20:02:45","guid":{"rendered":"https:\/\/adriacentar.com\/?page_id=6937"},"modified":"2025-04-17T11:33:04","modified_gmt":"2025-04-17T11:33:04","slug":"uvjeti-koristenja","status":"publish","type":"page","link":"https:\/\/adriacentar.com\/en\/uvjeti-koristenja\/","title":{"rendered":"Uvjeti kori\u0161tenja"},"content":{"rendered":"<div class=\"wpb-content-wrapper\"><section class=\"vc_row wpb_row vc_row-fluid bg-light not-equal not-color vc_custom_1744371614329\"><div class=\"container\"><div class=\"row\"><div class=\"wpb_column vc_column_container vc_col-sm-12\"><div class=\"vc_column-inner\"><div class=\"wpb_wrapper\">\n\t<div  class=\"wpb_single_image wpb_content_element vc_align_center wpb_content_element  full-width-image\">\n\t\t\n\t\t<figure class=\"wpb_wrapper vc_figure\">\n\t\t\t<div class=\"vc_single_image-wrapper   vc_box_border_grey\"><img loading=\"lazy\" decoding=\"async\" width=\"1920\" height=\"1000\" src=\"https:\/\/adriacentar.com\/wp-content\/uploads\/2025\/02\/smjestajbg-1.webp\" class=\"vc_single_image-img attachment-full\" alt=\"\" title=\"smjestajbg (1)\" srcset=\"https:\/\/adriacentar.com\/wp-content\/uploads\/2025\/02\/smjestajbg-1.webp 1920w, https:\/\/adriacentar.com\/wp-content\/uploads\/2025\/02\/smjestajbg-1-300x156.webp 300w, https:\/\/adriacentar.com\/wp-content\/uploads\/2025\/02\/smjestajbg-1-1024x533.webp 1024w, https:\/\/adriacentar.com\/wp-content\/uploads\/2025\/02\/smjestajbg-1-768x400.webp 768w, https:\/\/adriacentar.com\/wp-content\/uploads\/2025\/02\/smjestajbg-1-1536x800.webp 1536w, https:\/\/adriacentar.com\/wp-content\/uploads\/2025\/02\/smjestajbg-1-18x9.webp 18w\" sizes=\"auto, (max-width: 1920px) 100vw, 1920px\" \/><\/div>\n\t\t<\/figure>\n\t<\/div>\n<\/div><\/div><\/div><\/div><\/div><\/section><section class=\"vc_row wpb_row vc_row-fluid bg-light not-equal not-color\"><div class=\"container\"><div class=\"row\"><div class=\"wpb_column vc_column_container vc_col-sm-2\"><div class=\"vc_column-inner\"><div class=\"wpb_wrapper\"><\/div><\/div><\/div><div class=\"wpb_column vc_column_container vc_col-sm-8\"><div class=\"vc_column-inner vc_custom_1716886962439\"><div class=\"wpb_wrapper\"><div class=\"headings-title\"><div class=\"mb0 mb16 mb-xs-40 text-center\"><h2 style=\"text-transform: none!important;\" class=\"widgettitle mb0\">Uvjeti kori\u0161tenja<\/h2><\/div><\/div>\n\t<div class=\"wpb_text_column wpb_content_element vc_custom_1744889579077\" >\n\t\t<div class=\"wpb_wrapper\">\n\t\t\t<p>Sljede\u0107i Uvjeti i odredbe primjenjuju se na rezervacije na ovoj internetskoj stranici. Molimo vas da odvojite trenutak i pro\u010ditate ih prije rezerviranja.<\/p>\n<p><strong>INFORMACIJE O TVRTKI<\/strong><\/p>\n<p>Ponu\u0111a\u010d usluga smje\u0161taja je tvrtka Adria Centar Ko\u0107u\u0161a d.o.o. (u nastavku: &#8220;Tvrtka&#8221; ili &#8220;Adria Centar Ko\u0107u\u0161a&#8221;), ID broj: 4272413010009, registrirana u Op\u0107inskom sudu u \u0160irokom Brijegu pod MBS 64-01-0004-18, na adresi Veljaci 35, Ljubu\u0161ki, Bosna i Hercegovina.<\/p>\n<ul>\n<li>Kontakt telefon: <a href=\"tel:+38763490500\">+387 63 490 500<\/a><\/li>\n<li>E-mail: <a href=\"mailto:info@adriacentar.com\">info@adriacentar.com<\/a><\/li>\n<li>Broj transakcijskog ra\u010duna: 1610000212940037<\/li>\n<li>Poslovna banka: Raiffeisen Bank d.d. Bosna i Hercegovina<\/li>\n<\/ul>\n<p><strong>REZERVACIJE<\/strong><\/p>\n<p>Kupac direktnom rezervacijom ostvaruje najpovoljnije uvjete. Direktnu rezervaciju za smje\u0161taj u Adria Centru Ko\u0107u\u0161a mogu\u0107e je napraviti putem:<\/p>\n<ul>\n<li>web stranice <a href=\"https:\/\/adriacentar.com\/en\/rezervacije\/\" target=\"_blank\" rel=\"noopener\">adriacentar.com<\/a>, ispunjavaju\u0107i kontakt formu;<\/li>\n<li>e-maila <a href=\"mailto:info@adriacentar.com\" target=\"_blank\" rel=\"noopener\">info@adriacentar.com<\/a>;<\/li>\n<li>telefonski, pozivom ili slanjem poruke na <a href=\"https:\/\/wa.me\/38761490500\" target=\"_blank\" rel=\"noopener\">+387 63 490 500<\/a> (omogu\u0107eni su besplatni pozivi i poruke putem WhatsApp i Viber aplikacija);<\/li>\n<li>direktno, na recepciji Adria Centra Ko\u0107u\u0161a.<\/li>\n<\/ul>\n<p>Da bi rezervacija bila potvr\u0111ena, potrebno je izvr\u0161iti uplatu avansa u iznosu od 30% za rezervacije vrijednosti do 1000 BAM, odnosno 20% za rezervacije u vrijednosti 1000 ili vi\u0161e BAM.<\/p>\n<p>Za rezervacije napravljene 4 ili manje dana prije datuma boravka potrebno je izvr\u0161iti uplatu 50% avansa za potvrdu rezervacije bez obzira na ukupnu cijenu boravka.<\/p>\n<p>Nakon uplate avansa dobit \u0107ete potvrdu rezervacije putem e-maila. Ukoliko izvr\u0161ite uplatu a u roku od 24 sata ne dobijete potvrdu rezervacije na Va\u0161 e-mail, kontaktirajte nas na <a href=\"mailto:info@adriacentar.com\">info@adriacentar.com<\/a>.<\/p>\n<p>Za potvrdu rezervacije odre\u0111enih specijalnih ponuda potrebno je izvr\u0161iti avansnu uplatu cijelog iznosa boravka, ukoliko je tako navedeno u specifi\u010dnim uvjetima konkretne ponude.<\/p>\n<p>Potvr\u0111enu rezervaciju je mogu\u0107e otkazati ili promijeniti isklju\u010divo u skladu sa <u>politikom otkazivanja<\/u>.<\/p>\n<p>Adria Centar Ko\u0107u\u0161a zadr\u017eava pravo smje\u0161taja gostiju u bilo kojoj smje\u0161tajnoj jedinici koja je unutar klase rezervirane smje\u0161tajne jedinice. Smje\u0161taj u odre\u0111enoj smje\u0161tajnoj jedinici ne mo\u017ee se jam\u010diti prije prijave, osim u slu\u010daju da je u specijalnoj ponudi ili potvrdi rezervacije jasno navedeno da se odnosi na ta\u010dno odre\u0111enu smje\u0161tajnu jedinicu (npr. soba uz bazen, soba sa pogledom na rijeku i sli\u010dno).<\/p>\n<p>Prilikom rezerviranja smje\u0161taja, obvezni ste navesti uzrast djece koja \u0107e boraviti sa odraslim osobama. Djeca starosti 12 ili vi\u0161e godina smatraju odraslima te im se napla\u0107uje puna cijena.<\/p>\n<p>Prijava u Adria Centar Ko\u0107u\u0161a mogu\u0107a je nakon 14:00 sati na dan dolaska, dok je najkasnije vrijeme odjave 11:00 sati na dan odlaska. Zadr\u017eavamo pravo naplatiti dodatne tro\u0161kove za kasnu odjavu.<\/p>\n<p>Adria Centar Ko\u0107u\u0161a zadr\u017eava pravo odbiti, otkazati ili izmijeniti rezervaciju ukoliko je do\u0161lo do zloupotrebe rezervacionog sistema ili je ista napravljena o\u010diglednom gre\u0161kom korisnika.<\/p>\n<p>U ukupnu cijenu boravka je uklju\u010dena obavezna boravi\u0161na taksa i tro\u0161kovi rezervacije.<\/p>\n<p><strong>PLA\u0106ANJE<\/strong><\/p>\n<p>Pla\u0107anje rezervacije je mogu\u0107e izvr\u0161iti na sljede\u0107e na\u010dine:<\/p>\n<ul>\n<li>Putem interneta, koriste\u0107i sigurni Monri sustav internet pla\u0107anja po dostavljenom linku od strane Adria Centra Ko\u0107u\u0161a. Prihva\u0107ene platne kartice su Mastercard<sup>\u00ae<\/sup>, Maestro<sup>\u00ae<\/sup> i Visa.<\/li>\n<li>Direktnim bankovnim transferom na ra\u010dun Adria Centra Ko\u0107u\u0161a, po dostavljenim instrukcijama.<\/li>\n<li>Gotovinski, li\u010dno na recepciji Adria Centra Ko\u0107u\u0161a.<\/li>\n<\/ul>\n<p>Ostatak iznosa rezervacije potrebno je platiti najkasnije prilikom odjave.<\/p>\n<p><strong>Sigurnost pla\u0107anja kreditnim karticama<\/strong><\/p>\n<p>Tajnost Va\u0161ih podataka je za\u0161ti\u0107ena i osigurana kori\u0161tenjem posljednje verzije TLS enkripcije. Stranice za naplatu putem interneta osigurane su kori\u0161tenjem Secure Socket Layer (SSL) protokola sa 128-bitnom enkripcijom podataka. SSL enkripcija je postupak \u0161ifriranja podataka radi sprje\u010davanja neovla\u0161tenog pristupa prilikom njihovog prijenosa.<\/p>\n<p>Time je omogu\u0107en siguran prijenos informacija te onemogu\u0107en nedozvoljen pristup podacima prilikom komunikacije izme\u0111u korisnikovog ra\u010dunala i WebPay servisa, te obratno.<\/p>\n<p>WebPay servis i financijske ustanove razmjenjuju podatke uporabom virtualne privatne mre\u017ee (VPN), koja je za\u0161ti\u0107ena od neautoriziranog pristupa.<\/p>\n<p>Monri Payment Gateway je certificiran prema PCI DSS Level 1 sigurnosnom standardu propisanom Visa i Mastercard pravilima.<\/p>\n<p>Trgovac ne pohranjuje brojeve kreditnih kartica i brojevi nisu dostupni neovla\u0161tenim osobama.<\/p>\n\n\t\t<\/div>\n\t<\/div>\n<div class=\"vc_row wpb_row vc_inner vc_row-fluid vc_custom_1744369137152 vc_row-o-content-middle vc_row-flex\"><div class=\"wpb_column vc_column_container vc_col-sm-1\/5 vc_col-xs-1\/5\"><div class=\"vc_column-inner\"><div class=\"wpb_wrapper\">\n\t<div  class=\"wpb_single_image wpb_content_element vc_align_left wpb_content_element vc_custom_1744369410862\">\n\t\t\n\t\t<figure class=\"wpb_wrapper vc_figure\">\n\t\t\t<a href=\"https:\/\/www.visaeurope.com\" target=\"_blank\" class=\"vc_single_image-wrapper   vc_box_border_grey\"><img loading=\"lazy\" decoding=\"async\" width=\"400\" height=\"250\" src=\"https:\/\/adriacentar.com\/wp-content\/uploads\/2025\/04\/visa_logo_400x250.jpg\" class=\"vc_single_image-img attachment-full\" alt=\"\" title=\"visa_logo_400x250\" srcset=\"https:\/\/adriacentar.com\/wp-content\/uploads\/2025\/04\/visa_logo_400x250.jpg 400w, https:\/\/adriacentar.com\/wp-content\/uploads\/2025\/04\/visa_logo_400x250-300x188.jpg 300w, https:\/\/adriacentar.com\/wp-content\/uploads\/2025\/04\/visa_logo_400x250-18x12.jpg 18w\" sizes=\"auto, (max-width: 400px) 100vw, 400px\" \/><\/a>\n\t\t<\/figure>\n\t<\/div>\n<\/div><\/div><\/div><div class=\"wpb_column vc_column_container vc_col-sm-1\/5 vc_col-xs-1\/5\"><div class=\"vc_column-inner\"><div class=\"wpb_wrapper\">\n\t<div  class=\"wpb_single_image wpb_content_element vc_align_center wpb_content_element vc_custom_1744369456080\">\n\t\t\n\t\t<figure class=\"wpb_wrapper vc_figure\">\n\t\t\t<a href=\"https:\/\/www.mastercard.com\" target=\"_blank\" class=\"vc_single_image-wrapper   vc_box_border_grey\"><img loading=\"lazy\" decoding=\"async\" width=\"219\" height=\"180\" src=\"https:\/\/adriacentar.com\/wp-content\/uploads\/2025\/04\/mc_vrt_opt_pos_73_3x.png\" class=\"vc_single_image-img attachment-full\" alt=\"\" title=\"mc_vrt_opt_pos_73_3x\" srcset=\"https:\/\/adriacentar.com\/wp-content\/uploads\/2025\/04\/mc_vrt_opt_pos_73_3x.png 219w, https:\/\/adriacentar.com\/wp-content\/uploads\/2025\/04\/mc_vrt_opt_pos_73_3x-15x12.png 15w\" sizes=\"auto, (max-width: 219px) 100vw, 219px\" \/><\/a>\n\t\t<\/figure>\n\t<\/div>\n<\/div><\/div><\/div><div class=\"wpb_column vc_column_container vc_col-sm-1\/5 vc_col-xs-1\/5\"><div class=\"vc_column-inner\"><div class=\"wpb_wrapper\">\n\t<div  class=\"wpb_single_image wpb_content_element vc_align_left wpb_content_element vc_custom_1744369464588\">\n\t\t\n\t\t<figure class=\"wpb_wrapper vc_figure\">\n\t\t\t<a href=\"https:\/\/brand.mastercard.com\/brandcenter\/more-about-our-brands.html\" target=\"_blank\" class=\"vc_single_image-wrapper   vc_box_border_grey\"><img loading=\"lazy\" decoding=\"async\" width=\"219\" height=\"183\" src=\"https:\/\/adriacentar.com\/wp-content\/uploads\/2025\/04\/ms_vrt_opt_pos_73_3x.png\" class=\"vc_single_image-img attachment-full\" alt=\"\" title=\"ms_vrt_opt_pos_73_3x\" srcset=\"https:\/\/adriacentar.com\/wp-content\/uploads\/2025\/04\/ms_vrt_opt_pos_73_3x.png 219w, https:\/\/adriacentar.com\/wp-content\/uploads\/2025\/04\/ms_vrt_opt_pos_73_3x-14x12.png 14w\" sizes=\"auto, (max-width: 219px) 100vw, 219px\" \/><\/a>\n\t\t<\/figure>\n\t<\/div>\n<\/div><\/div><\/div><div class=\"wpb_column vc_column_container vc_col-sm-1\/5 vc_col-xs-1\/5\"><div class=\"vc_column-inner\"><div class=\"wpb_wrapper\">\n\t<div  class=\"wpb_single_image wpb_content_element vc_align_center wpb_content_element vc_custom_1744887491561\">\n\t\t\n\t\t<figure class=\"wpb_wrapper vc_figure\">\n\t\t\t<a href=\"https:\/\/www.dinersclub.com\" target=\"_blank\" class=\"vc_single_image-wrapper   vc_box_border_grey\"><img loading=\"lazy\" decoding=\"async\" width=\"524\" height=\"158\" src=\"https:\/\/adriacentar.com\/wp-content\/uploads\/2025\/04\/logo-2-RBBH.png\" class=\"vc_single_image-img attachment-full\" alt=\"\" title=\"logo-2-RBBH\" srcset=\"https:\/\/adriacentar.com\/wp-content\/uploads\/2025\/04\/logo-2-RBBH.png 524w, https:\/\/adriacentar.com\/wp-content\/uploads\/2025\/04\/logo-2-RBBH-300x90.png 300w, https:\/\/adriacentar.com\/wp-content\/uploads\/2025\/04\/logo-2-RBBH-18x5.png 18w\" sizes=\"auto, (max-width: 524px) 100vw, 524px\" \/><\/a>\n\t\t<\/figure>\n\t<\/div>\n<\/div><\/div><\/div><\/div><div class=\"vc_row wpb_row vc_inner vc_row-fluid vc_custom_1744369145623 vc_row-o-content-middle vc_row-flex\"><div class=\"wpb_column vc_column_container vc_col-sm-1\/5 vc_col-xs-1\/5\"><div class=\"vc_column-inner\"><div class=\"wpb_wrapper\">\n\t<div  class=\"wpb_single_image wpb_content_element vc_align_left wpb_content_element vc_custom_1744369378231\">\n\t\t\n\t\t<figure class=\"wpb_wrapper vc_figure\">\n\t\t\t<div class=\"vc_single_image-wrapper   vc_box_border_grey\"><img loading=\"lazy\" decoding=\"async\" width=\"396\" height=\"396\" src=\"https:\/\/adriacentar.com\/wp-content\/uploads\/2025\/04\/visa-secure_blu_72dpi.jpg\" class=\"vc_single_image-img attachment-full\" alt=\"\" title=\"visa-secure_blu_72dpi\" srcset=\"https:\/\/adriacentar.com\/wp-content\/uploads\/2025\/04\/visa-secure_blu_72dpi.jpg 396w, https:\/\/adriacentar.com\/wp-content\/uploads\/2025\/04\/visa-secure_blu_72dpi-300x300.jpg 300w, https:\/\/adriacentar.com\/wp-content\/uploads\/2025\/04\/visa-secure_blu_72dpi-150x150.jpg 150w, https:\/\/adriacentar.com\/wp-content\/uploads\/2025\/04\/visa-secure_blu_72dpi-12x12.jpg 12w, https:\/\/adriacentar.com\/wp-content\/uploads\/2025\/04\/visa-secure_blu_72dpi-60x60.jpg 60w\" sizes=\"auto, (max-width: 396px) 100vw, 396px\" \/><\/div>\n\t\t<\/figure>\n\t<\/div>\n<\/div><\/div><\/div><div class=\"wpb_column vc_column_container vc_col-sm-1\/5 vc_col-xs-1\/5\"><div class=\"vc_column-inner\"><div class=\"wpb_wrapper\">\n\t<div  class=\"wpb_single_image wpb_content_element vc_align_center wpb_content_element vc_custom_1744369371128\">\n\t\t\n\t\t<figure class=\"wpb_wrapper vc_figure\">\n\t\t\t<div class=\"vc_single_image-wrapper   vc_box_border_grey\"><img loading=\"lazy\" decoding=\"async\" width=\"1364\" height=\"1022\" src=\"https:\/\/adriacentar.com\/wp-content\/uploads\/2025\/04\/mc_idcheck_vrt_rgb_pos.png\" class=\"vc_single_image-img attachment-full\" alt=\"\" title=\"mc_idcheck_vrt_rgb_pos\" srcset=\"https:\/\/adriacentar.com\/wp-content\/uploads\/2025\/04\/mc_idcheck_vrt_rgb_pos.png 1364w, https:\/\/adriacentar.com\/wp-content\/uploads\/2025\/04\/mc_idcheck_vrt_rgb_pos-300x225.png 300w, https:\/\/adriacentar.com\/wp-content\/uploads\/2025\/04\/mc_idcheck_vrt_rgb_pos-1024x767.png 1024w, https:\/\/adriacentar.com\/wp-content\/uploads\/2025\/04\/mc_idcheck_vrt_rgb_pos-768x575.png 768w, https:\/\/adriacentar.com\/wp-content\/uploads\/2025\/04\/mc_idcheck_vrt_rgb_pos-16x12.png 16w\" sizes=\"auto, (max-width: 1364px) 100vw, 1364px\" \/><\/div>\n\t\t<\/figure>\n\t<\/div>\n<\/div><\/div><\/div><div class=\"wpb_column vc_column_container vc_col-sm-1\/5 vc_col-xs-1\/5\"><div class=\"vc_column-inner\"><div class=\"wpb_wrapper\">\n\t<div  class=\"wpb_single_image wpb_content_element vc_align_center wpb_content_element vc_custom_1744369341546\">\n\t\t\n\t\t<figure class=\"wpb_wrapper vc_figure\">\n\t\t\t<a href=\"https:\/\/monri.com\" target=\"_blank\" class=\"vc_single_image-wrapper   vc_box_border_grey\"><img loading=\"lazy\" decoding=\"async\" width=\"212\" height=\"98\" src=\"https:\/\/adriacentar.com\/wp-content\/uploads\/2025\/04\/monri_footer.png\" class=\"vc_single_image-img attachment-full\" alt=\"\" title=\"monri_footer\" srcset=\"https:\/\/adriacentar.com\/wp-content\/uploads\/2025\/04\/monri_footer.png 212w, https:\/\/adriacentar.com\/wp-content\/uploads\/2025\/04\/monri_footer-18x8.png 18w\" sizes=\"auto, (max-width: 212px) 100vw, 212px\" \/><\/a>\n\t\t<\/figure>\n\t<\/div>\n<\/div><\/div><\/div><\/div>\n\t<div class=\"wpb_text_column wpb_content_element\" >\n\t\t<div class=\"wpb_wrapper\">\n\t\t\t<p><strong>KONVERZIJA VALUTE<\/strong><\/p>\n<p>U skladu sa zakonskim odredbama u Bosni i Hercegovini sva Internet pla\u0107anja putem Monri Payment sustava bit \u0107e obra\u010dunata i napla\u0107ena u konvertibilnim markama.<\/p>\n<p>Ukoliko ne vr\u0161ite uplatu iz Bosne i Hercegovine ili karticom izdatom od strane banke iz Bosne i Hercegovine, napla\u0107eni iznos na ra\u010dunu Va\u0161e platne kartice prera\u010dunava se u Va\u0161u lokalnu valutu prema te\u010daju karti\u010dnih udruga. Adria Centar Ko\u0107u\u0161a ne odgovara za bilo kakve dodatne tro\u0161kove koji mogu nastati prilikom pla\u0107anja.<\/p>\n<p><strong>POLITIKA OTKAZIVANJA REZERVACIJE<\/strong><\/p>\n<p>Politika otkazivanja usluge varira ovisno o vi\u0161e faktora, kao \u0161to su vrijeme otkazivanja, cijena i vrsta usluge koja je rezervirana. Adria Centar Ko\u0107u\u0161a zadr\u017eava pravo da postavi posebne uvjete otkazivanja za specifi\u010dne, vremenski ili druga\u010dije ograni\u010dene ponude, uz navo\u0111enje istih u okviru pravila ponude. Molimo vas da pogledate uvjete otkazivanja u trenutku rezervacije.<\/p>\n<p>Redovne rezervacije mogu\u0107e je otkazati bez naknade najkasnije 30 dana prije datuma dolaska. U ovom slu\u010daju, upla\u0107eni iznos bit \u0107e vra\u0107en kupcu na karticu sa koje je izvr\u0161ena uplata.<\/p>\n<p>Za otkazivanje u periodu od 30 ili manje dana prije datuma boravka ili u slu\u010daju nedolaska zadr\u017eavamo 100% iznosa upla\u0107enog avansa.<\/p>\n<p>U slu\u010daju ranijeg odlaska kupac je du\u017ean platiti 100% iznosa boravka osim u iznimnom slu\u010daju (npr. bolest ili smrtni slu\u010daj).<\/p>\n<p>Promjena rezervacije bez naknade mogu\u0107a je najkasnije 15 dana prije datuma dolaska, uz pla\u0107anje eventualne razlike u cijeni za novu rezervaciju, te uz uvjet da je mogu\u0107e napraviti novu rezervaciju na datume koje zahtijeva kupac.<\/p>\n<p>Za specijalne ponude u \u010dijim pravilima je kao uvjet za potvrdu rezervacije navedena uplata iznosa za cijeli boravak, nije dopu\u0161tena nikakva izmjena rezervacije, niti je mogu\u0107 povrat novca.<\/p>\n<p>Promjena ili otkazivanje rezervacije mo\u017ee se izvr\u0161iti isklju\u010divo pisanim putem, slanjem e-maila na <a href=\"mailto:info@adriacentar.com\" target=\"_blank\" rel=\"noopener\">info@adriacentar.com<\/a>.<\/p>\n<p><strong>PROMJENE ILI OTKAZIVANJE OD STRANE TVRTKE<\/strong><\/p>\n<p>U slu\u010daju da Adria Centar Ko\u0107u\u0161a mora otkazati rezervaciju gosta zbog vi\u0161e sile, gost \u0107e dobiti puni povrat novca upla\u0107enog za potvrdu rezervacije i Tvrtka ne\u0107e snositi nikakvu daljnju odgovornost prema gostu koja proizlazi iz takvog otkazivanja.<\/p>\n<p>Adria Centar Ko\u0107u\u0161a \u0107e u ovakvom slu\u010daju ulo\u017eiti razumne napore kako bi poku\u0161ali goste smjestiti na alternativnu lokaciju koja je sli\u010dna standardima Tvrtke.<\/p>\n<p><strong>\u0160TETA<\/strong><\/p>\n<p>Adria Centar Ko\u0107u\u0161a zadr\u017eava pravo obra\u010duna i naplate \u0161tete na imovini koja je nastala za vrijeme Va\u0161eg boravka (uklju\u010duju\u0107i, bez ograni\u010denja, posebno \u010di\u0161\u0107enje) te sve predmete koji nedostaju iz Va\u0161e sobe nakon Va\u0161e odjave.<\/p>\n<p><strong>OP\u0106ENITO<\/strong><\/p>\n<p>Adria Centar Ko\u0107u\u0161a d.o.o. zadr\u017eava pravo na izmjenu ovih uvjeta i pravila. Sve promjene primijenit \u0107e se na kori\u0161tenje adriacentar.com stranice i biti blagovremeno objavljene na ovoj stranici.<\/p>\n<p>Kupac snosi odgovornost za to\u010dnost i potpunost unesenih podataka prilikom kupovine.<\/p>\n<p>Usluge koje Vam pru\u017ea adriacentar.com ne uklju\u010duje tro\u0161kove koje snosite koriste\u0107i ra\u010dunalnu opremu i usluge za pristup na\u0161im stranicama. Adria Centar Ko\u0107u\u0161a d.o.o. nije odgovorna za tro\u0161kove telefona, Internet prometa ili bilo koje druge tro\u0161kove do kojih mo\u017ee do\u0107i prilikom kori\u0161tenja stranice, pravljenja rezervacije ili kontakta sa na\u0161im prodajnim osobljem. U slu\u010daju telefonskog kontakta preporu\u010dujemo kori\u0161tenje aplikacija za besplatnu komunikaciju WhatsApp i Viber.<\/p>\n\n\t\t<\/div>\n\t<\/div>\n<\/div><\/div><\/div><div class=\"wpb_column vc_column_container vc_col-sm-2\"><div class=\"vc_column-inner\"><div class=\"wpb_wrapper\"><\/div><\/div><\/div><\/div><\/div><\/section><section class=\"vc_row wpb_row vc_row-fluid bg-light not-equal not-color\"><div class=\"container\"><div class=\"row\"><div class=\"wpb_column vc_column_container vc_col-sm-12\"><div class=\"vc_column-inner\"><div class=\"wpb_wrapper\"><div class=\"tlg-spacer\" data-height=\"20\" data-height-tablet=\"20\" data-height-mobile=\"20\" style=\"clear:both;display:block;height:20px;\"><\/div><\/div><\/div><\/div><\/div><\/div><\/section>\n<\/div>","protected":false},"excerpt":{"rendered":"Uvjeti kori\u0161tenja Sljede\u0107i Uvjeti i odredbe primjenjuju se na rezervacije na ovoj internetskoj stranici. Molimo vas da odvojite trenutak i pro\u010ditate ih prije rezerviranja....","protected":false},"author":2,"featured_media":0,"parent":0,"menu_order":0,"comment_status":"closed","ping_status":"closed","template":"","meta":{"footnotes":""},"class_list":["post-6937","page","type-page","status-publish","hentry"],"_links":{"self":[{"href":"https:\/\/adriacentar.com\/en\/wp-json\/wp\/v2\/pages\/6937","targetHints":{"allow":["GET"]}}],"collection":[{"href":"https:\/\/adriacentar.com\/en\/wp-json\/wp\/v2\/pages"}],"about":[{"href":"https:\/\/adriacentar.com\/en\/wp-json\/wp\/v2\/types\/page"}],"author":[{"embeddable":true,"href":"https:\/\/adriacentar.com\/en\/wp-json\/wp\/v2\/users\/2"}],"replies":[{"embeddable":true,"href":"https:\/\/adriacentar.com\/en\/wp-json\/wp\/v2\/comments?post=6937"}],"version-history":[{"count":60,"href":"https:\/\/adriacentar.com\/en\/wp-json\/wp\/v2\/pages\/6937\/revisions"}],"predecessor-version":[{"id":7215,"href":"https:\/\/adriacentar.com\/en\/wp-json\/wp\/v2\/pages\/6937\/revisions\/7215"}],"wp:attachment":[{"href":"https:\/\/adriacentar.com\/en\/wp-json\/wp\/v2\/media?parent=6937"}],"curies":[{"name":"wp","href":"https:\/\/api.w.org\/{rel}","templated":true}]}}