{"id":6462,"date":"2024-06-10T10:32:15","date_gmt":"2024-06-10T10:32:15","guid":{"rendered":"https:\/\/adriacentar.com\/v2\/?page_id=6462"},"modified":"2024-06-29T13:31:03","modified_gmt":"2024-06-29T13:31:03","slug":"rezervacije","status":"publish","type":"page","link":"https:\/\/adriacentar.com\/en\/rezervacije\/","title":{"rendered":"Bookings"},"content":{"rendered":"<div class=\"wpb-content-wrapper\"><section class=\"vc_row wpb_row vc_row-fluid bg-light not-equal not-color vc_custom_1719667861717 vc_row-has-fill image-bg z-index overlay parallax\"><div class=\"background-content\"><img decoding=\"async\" alt=\"background\" class=\"background-image\" src=\"https:\/\/adriacentar.com\/wp-content\/uploads\/2024\/06\/Slika-br.-8.jpg?id=6630\" \/><div  class=\"background-overlay\"><\/div><\/div><div class=\"container\"><div class=\"row\"><div class=\"wpb_column vc_column_container vc_col-sm-12\"><div class=\"vc_column-inner\"><div class=\"wpb_wrapper\"><\/div><\/div><\/div><\/div><\/div><\/section><section class=\"vc_row wpb_row vc_row-fluid bg-light not-equal not-color\"><div class=\"container\"><div class=\"row\"><div class=\"wpb_column vc_column_container vc_col-sm-2\"><div class=\"vc_column-inner\"><div class=\"wpb_wrapper\"><\/div><\/div><\/div><div class=\"wpb_column vc_column_container vc_col-sm-8\"><div class=\"vc_column-inner vc_custom_1716886481842\"><div class=\"wpb_wrapper\"><div class=\"headings-title\"><div class=\"mb0 mb16 mb-xs-40 text-center\"><h2 style=\"text-transform: none!important;\" class=\"widgettitle mb0\">Book directly and enjoy the best benefits.<\/h2><\/div><\/div>\n\t<div class=\"wpb_text_column wpb_content_element vc_custom_1718015642888\" >\n\t\t<div class=\"wpb_wrapper\">\n\t\t\t<p style=\"text-align: center;\">We are honored to host you at Adria centar Ko\u0107u\u0161a, where you will feel at home. If you wish\nto spend unforgettable days of relaxation in a unique natural setting, contact us for the best\noffer and guaranteed best price for your vacation.<\/p>\n\n\t\t<\/div>\n\t<\/div>\n\n<div class=\"wpcf7 no-js\" id=\"wpcf7-f5706-o1\" lang=\"hr\" dir=\"ltr\" data-wpcf7-id=\"5706\">\n<div class=\"screen-reader-response\"><p role=\"status\" aria-live=\"polite\" aria-atomic=\"true\"><\/p> <ul><\/ul><\/div>\n<form action=\"\/en\/wp-json\/wp\/v2\/pages\/6462#wpcf7-f5706-o1\" method=\"post\" class=\"wpcf7-form init\" aria-label=\"Kontakt obrazac\" novalidate=\"novalidate\" data-status=\"init\" data-trp-original-action=\"\/en\/wp-json\/wp\/v2\/pages\/6462#wpcf7-f5706-o1\">\n<fieldset class=\"hidden-fields-container\"><input type=\"hidden\" name=\"_wpcf7\" value=\"5706\" \/><input type=\"hidden\" name=\"_wpcf7_version\" value=\"6.1.5\" \/><input type=\"hidden\" name=\"_wpcf7_locale\" value=\"hr\" \/><input type=\"hidden\" name=\"_wpcf7_unit_tag\" value=\"wpcf7-f5706-o1\" \/><input type=\"hidden\" name=\"_wpcf7_container_post\" value=\"0\" \/><input type=\"hidden\" name=\"_wpcf7_posted_data_hash\" value=\"\" \/>\n<\/fieldset>\n<p><label> Name and surname<br \/>\n<span class=\"wpcf7-form-control-wrap\" data-name=\"your-name\"><input size=\"40\" maxlength=\"400\" class=\"wpcf7-form-control wpcf7-text wpcf7-validates-as-required\" aria-required=\"true\" aria-invalid=\"false\" value=\"\" type=\"text\" name=\"your-name\" \/><\/span> <\/label>\n<\/p>\n<p><label> Phone<br \/>\n<span class=\"wpcf7-form-control-wrap\" data-name=\"your-phone\"><input size=\"40\" maxlength=\"400\" class=\"wpcf7-form-control wpcf7-text wpcf7-validates-as-required\" aria-required=\"true\" aria-invalid=\"false\" value=\"\" type=\"text\" name=\"your-phone\" \/><\/span> <\/label>\n<\/p>\n<p><label> E-mail<br \/>\n<span class=\"wpcf7-form-control-wrap\" data-name=\"your-email\"><input size=\"40\" maxlength=\"400\" class=\"wpcf7-form-control wpcf7-email wpcf7-validates-as-required wpcf7-text wpcf7-validates-as-email\" aria-required=\"true\" aria-invalid=\"false\" value=\"\" type=\"email\" name=\"your-email\" \/><\/span> <\/label>\n<\/p>\n<p><label> Check-in date<br \/>\n<span class=\"wpcf7-form-control-wrap\" data-name=\"date-183\"><input class=\"wpcf7-form-control wpcf7-date wpcf7-validates-as-required wpcf7-validates-as-date\" aria-required=\"true\" aria-invalid=\"false\" value=\"\" type=\"date\" name=\"date-183\" \/><\/span> <\/label>\n<\/p>\n<p><label> Check-out date<br \/>\n<span class=\"wpcf7-form-control-wrap\" data-name=\"date-184\"><input class=\"wpcf7-form-control wpcf7-date wpcf7-validates-as-required wpcf7-validates-as-date\" aria-required=\"true\" aria-invalid=\"false\" value=\"\" type=\"date\" name=\"date-184\" \/><\/span> <\/label>\n<\/p>\n<p><label> Rooms<br \/>\n<span class=\"wpcf7-form-control-wrap\" data-name=\"menu-679\"><select class=\"wpcf7-form-control wpcf7-select wpcf7-validates-as-required\" aria-required=\"true\" aria-invalid=\"false\" name=\"menu-679\"><option value=\"1\">1<\/option><option value=\"2\">2<\/option><option value=\"3\">3<\/option><option value=\"4\">4<\/option><option value=\"5\">5<\/option><option value=\"6\">6<\/option><option value=\"7\">7<\/option><option value=\"8\">8<\/option><option value=\"9\">9<\/option><option value=\"10\">10<\/option><option value=\"11\">11<\/option><option value=\"12\">12<\/option><\/select><\/span> <\/label>\n<\/p>\n<p><label> Adults<br \/>\n<span class=\"wpcf7-form-control-wrap\" data-name=\"menu-680\"><select class=\"wpcf7-form-control wpcf7-select wpcf7-validates-as-required\" aria-required=\"true\" aria-invalid=\"false\" name=\"menu-680\"><option value=\"1\">1<\/option><option value=\"2\">2<\/option><option value=\"3\">3<\/option><option value=\"4\">4<\/option><option value=\"5\">5<\/option><option value=\"6\">6<\/option><option value=\"7\">7<\/option><option value=\"8\">8<\/option><option value=\"9\">9<\/option><option value=\"10\">10<\/option><option value=\"11\">11<\/option><option value=\"12\">12<\/option><\/select><\/span> <\/label>\n<\/p>\n<p><label> Children<br \/>\n<span class=\"wpcf7-form-control-wrap\" data-name=\"menu-681\"><select class=\"wpcf7-form-control wpcf7-select wpcf7-validates-as-required\" aria-required=\"true\" aria-invalid=\"false\" name=\"menu-681\"><option value=\"0\">0<\/option><option value=\"1\">1<\/option><option value=\"2\">2<\/option><option value=\"3\">3<\/option><option value=\"4\">4<\/option><option value=\"5\">5<\/option><option value=\"6\">6<\/option><option value=\"7\">7<\/option><option value=\"8\">8<\/option><option value=\"9\">9<\/option><option value=\"10\">10<\/option><option value=\"11\">11<\/option><option value=\"12\">12<\/option><\/select><\/span> <\/label>\n<\/p>\n<p><label> Comment \/ Note<br \/>\n<span class=\"wpcf7-form-control-wrap\" data-name=\"your-message\"><textarea cols=\"40\" rows=\"10\" maxlength=\"2000\" class=\"wpcf7-form-control wpcf7-textarea\" aria-invalid=\"false\" name=\"your-message\"><\/textarea><\/span> <\/label>\n<\/p>\n<p><input class=\"wpcf7-form-control wpcf7-submit has-spinner\" type=\"submit\" value=\"Send\" \/>\n<\/p><div class=\"wpcf7-response-output\" aria-hidden=\"true\"><\/div>\n<input type=\"hidden\" name=\"trp-form-language\" value=\"en\"\/><\/form>\n<\/div>\n<\/div><\/div><\/div><div class=\"wpb_column vc_column_container vc_col-sm-2\"><div class=\"vc_column-inner\"><div class=\"wpb_wrapper\"><\/div><\/div><\/div><\/div><\/div><\/section><section class=\"vc_row wpb_row vc_row-fluid bg-light not-equal not-color\"><div class=\"container\"><div class=\"row\"><div class=\"wpb_column vc_column_container vc_col-sm-12\"><div class=\"vc_column-inner\"><div class=\"wpb_wrapper\"><div class=\"tlg-spacer\" data-height=\"20\" data-height-tablet=\"20\" data-height-mobile=\"20\" style=\"clear:both;display:block;height:20px;\"><\/div><\/div><\/div><\/div><\/div><\/div><\/section>\n<\/div>","protected":false},"excerpt":{"rendered":"Rezervirajte direktno i ostvarite najbolje beneficije. \u010cast nam je ugostiti Vas u Adria Centru Ko\u0107u\u0161a, gdje \u0107ete se osje\u0107ati kao u svome domu. Ukoliko...","protected":false},"author":1,"featured_media":1803,"parent":0,"menu_order":0,"comment_status":"closed","ping_status":"closed","template":"","meta":{"footnotes":""},"class_list":["post-6462","page","type-page","status-publish","has-post-thumbnail","hentry"],"_links":{"self":[{"href":"https:\/\/adriacentar.com\/en\/wp-json\/wp\/v2\/pages\/6462","targetHints":{"allow":["GET"]}}],"collection":[{"href":"https:\/\/adriacentar.com\/en\/wp-json\/wp\/v2\/pages"}],"about":[{"href":"https:\/\/adriacentar.com\/en\/wp-json\/wp\/v2\/types\/page"}],"author":[{"embeddable":true,"href":"https:\/\/adriacentar.com\/en\/wp-json\/wp\/v2\/users\/1"}],"replies":[{"embeddable":true,"href":"https:\/\/adriacentar.com\/en\/wp-json\/wp\/v2\/comments?post=6462"}],"version-history":[{"count":6,"href":"https:\/\/adriacentar.com\/en\/wp-json\/wp\/v2\/pages\/6462\/revisions"}],"predecessor-version":[{"id":6821,"href":"https:\/\/adriacentar.com\/en\/wp-json\/wp\/v2\/pages\/6462\/revisions\/6821"}],"wp:featuredmedia":[{"embeddable":true,"href":"https:\/\/adriacentar.com\/en\/wp-json\/wp\/v2\/media\/1803"}],"wp:attachment":[{"href":"https:\/\/adriacentar.com\/en\/wp-json\/wp\/v2\/media?parent=6462"}],"curies":[{"name":"wp","href":"https:\/\/api.w.org\/{rel}","templated":true}]}}