{"id":6367,"date":"2024-05-27T06:42:50","date_gmt":"2024-05-27T06:42:50","guid":{"rendered":"https:\/\/adriacentar.com\/v2\/?page_id=6367"},"modified":"2024-06-29T13:37:33","modified_gmt":"2024-06-29T13:37:33","slug":"sport-i-rekreacija","status":"publish","type":"page","link":"https:\/\/adriacentar.com\/en\/sport-i-rekreacija\/","title":{"rendered":"Sport and recreation"},"content":{"rendered":"<div class=\"wpb-content-wrapper\"><section class=\"vc_row wpb_row vc_row-fluid bg-light not-equal not-color vc_custom_1719668251032 vc_row-has-fill image-bg z-index overlay parallax\"><div class=\"background-content\"><img decoding=\"async\" alt=\"background\" class=\"background-image\" src=\"https:\/\/adriacentar.com\/wp-content\/uploads\/2024\/06\/young-happy-people-enjoying-summer-2023-11-27-05-30-58-utc.jpg?id=6778\" \/><div  class=\"background-overlay\"><\/div><\/div><div class=\" container \"><div class=\"row \"><div class=\"wpb_column vc_column_container vc_col-sm-12\"><div class=\"vc_column-inner\"><div class=\"wpb_wrapper\"><\/div><\/div><\/div><\/div><\/div><\/section><section class=\"vc_row wpb_row vc_row-fluid bg-light not-equal not-color\"><div class=\" container \"><div class=\"row \"><div class=\"wpb_column vc_column_container vc_col-sm-2\"><div class=\"vc_column-inner\"><div class=\"wpb_wrapper\"><\/div><\/div><\/div><div class=\"wpb_column vc_column_container vc_col-sm-8\"><div class=\"vc_column-inner vc_custom_1716886962439\"><div class=\"wpb_wrapper\"><div class=\"headings-title\"><div class=\"mb0 mb16 mb-xs-40 text-center\"><h2 style=\"text-transform: none!important;\" class=\"widgettitle mb0\">Sport i rekreacija<\/h2><\/div><\/div>\n\t<div class=\"wpb_text_column wpb_content_element vc_custom_1718223722978\" >\n\t\t<div class=\"wpb_wrapper\">\n\t\t\t<p>Otkrijte rasko\u0161an spektar sportskih i rekreacijskih aktivnosti koje \u0107e vas osvojiti. Krenite na nezaboravnu vo\u017enju biciklom du\u017e 11 kilometara slikovite biciklisti\u010dke staze uz obalu rijeke Trebi\u017eat, ili istra\u017eite \u010dari rijeke na kanu turi koja \u0107e vam otvoriti vrata prirodnih ljepota, izvora i \u0161pilja. Za avanturiste, organiziramo nezaboravne quad ture i paragliding letove s pogledom koji oduzima dah, uz poletno mjesto u srcu starog grada. Za one koji u\u017eivaju u mirnim \u0161etnjama, pripremili smo idili\u010dnu stazu uz obalu rijeke Trebi\u017eat, pru\u017eaju\u0107i vam priliku da se uronite u \u010dist zrak i bujnu prirodu. A \u0161to se ti\u010de vodenih do\u017eivljaja, ne propustite vo\u017enju \u010damcem koja \u0107e vas provesti kroz skrivene kutke rijeke Trebi\u017eat, otkrivaju\u0107i njene tajne i ljepote na svakom koraku. I ne zaboravimo ribolovce &#8211; rijeka Trebi\u017eat nudi bogatstvo ribljeg svijeta, a mi smo opremljeni svime \u0161to vam je potrebno za nezaboravno ribolovno iskustvo.<\/p>\n\n\t\t<\/div>\n\t<\/div>\n<\/div><\/div><\/div><div class=\"wpb_column vc_column_container vc_col-sm-2\"><div class=\"vc_column-inner\"><div class=\"wpb_wrapper\"><\/div><\/div><\/div><\/div><\/div><\/section><section class=\"vc_row wpb_row vc_row-fluid bg-light not-equal not-color\"><div class=\" container \"><div class=\"row \"><div class=\"wpb_column vc_column_container vc_col-sm-12\"><div class=\"vc_column-inner\"><div class=\"wpb_wrapper\">\n\t<div class=\"wpb_text_column wpb_content_element\" >\n\t\t<div class=\"wpb_wrapper\">\n\t\t\t<div  id=\"jtg-6741\" class=\"modula modula-gallery modula-creative-gallery\" data-config=\"{&quot;height&quot;:1200,&quot;tabletHeight&quot;:1200,&quot;mobileHeight&quot;:1200,&quot;desktopHeight&quot;:1200,&quot;enableTwitter&quot;:false,&quot;enableWhatsapp&quot;:false,&quot;enableFacebook&quot;:false,&quot;enablePinterest&quot;:false,&quot;enableLinkedin&quot;:false,&quot;enableEmail&quot;:false,&quot;randomFactor&quot;:0,&quot;type&quot;:&quot;creative-gallery&quot;,&quot;columns&quot;:12,&quot;gutter&quot;:30,&quot;mobileGutter&quot;:30,&quot;tabletGutter&quot;:30,&quot;desktopGutter&quot;:30,&quot;enableResponsive&quot;:&quot;0&quot;,&quot;tabletColumns&quot;:2,&quot;mobileColumns&quot;:1,&quot;lazyLoad&quot;:0,&quot;lightboxOpts&quot;:{&quot;animated&quot;:true,&quot;Thumbs&quot;:{&quot;type&quot;:&quot;modern&quot;,&quot;showOnStart&quot;:false},&quot;Toolbar&quot;:{&quot;display&quot;:{&quot;right&quot;:[&quot;close&quot;]},&quot;enabled&quot;:true},&quot;Carousel&quot;:{&quot;Panzoom&quot;:{&quot;touch&quot;:false},&quot;infinite&quot;:false},&quot;keyboard&quot;:{&quot;Escape&quot;:&quot;close&quot;,&quot;Delete&quot;:&quot;close&quot;,&quot;Backspace&quot;:&quot;close&quot;,&quot;PageUp&quot;:false,&quot;PageDown&quot;:false,&quot;ArrowUp&quot;:false,&quot;ArrowDown&quot;:false,&quot;ArrowRight&quot;:false,&quot;ArrowLeft&quot;:false},&quot;touch&quot;:false,&quot;backdropClick&quot;:false,&quot;l10n&quot;:{&quot;CLOSE&quot;:&quot;Close&quot;,&quot;NEXT&quot;:&quot;Next&quot;,&quot;PREV&quot;:&quot;Previous&quot;,&quot;Error&quot;:&quot;The requested content cannot be loaded. Please try again later.&quot;,&quot;PLAY_START&quot;:&quot;Start slideshow&quot;,&quot;PLAY_STOP&quot;:&quot;Pause slideshow&quot;,&quot;FULL_SCREEN&quot;:&quot;Full screen&quot;,&quot;THUMBS&quot;:&quot;Thumbnails&quot;,&quot;DOWNLOAD&quot;:&quot;Download&quot;,&quot;SHARE&quot;:&quot;Share&quot;,&quot;ZOOM&quot;:&quot;Zoom&quot;,&quot;EMAIL&quot;:&quot;Here is the link to the image : %%image_link%% and this is the link to the gallery : %%gallery_link%%&quot;,&quot;MODAL&quot;:&quot;You can close this modal content with the ESC key&quot;,&quot;ERROR&quot;:&quot;Something Went Wrong, Please Try Again Later&quot;,&quot;IMAGE_ERROR&quot;:&quot;Image Not Found&quot;,&quot;ELEMENT_NOT_FOUND&quot;:&quot;HTML Element Not Found&quot;,&quot;AJAX_NOT_FOUND&quot;:&quot;Error Loading AJAX : Not Found&quot;,&quot;AJAX_FORBIDDEN&quot;:&quot;Error Loading AJAX : Forbidden&quot;,&quot;IFRAME_ERROR&quot;:&quot;Error Loading Page&quot;,&quot;TOGGLE_ZOOM&quot;:&quot;Toggle zoom level&quot;,&quot;TOGGLE_THUMBS&quot;:&quot;Toggle thumbnails&quot;,&quot;TOGGLE_SLIDESHOW&quot;:&quot;Toggle slideshow&quot;,&quot;TOGGLE_FULLSCREEN&quot;:&quot;Toggle full-screen mode&quot;},&quot;Images&quot;:{&quot;Panzoom&quot;:{&quot;maxScale&quot;:2}},&quot;mainClass&quot;:&quot;modula-fancybox-container modula-lightbox-jtg-6741&quot;,&quot;Html&quot;:{&quot;videoAutoplay&quot;:0,&quot;videoTpl&quot;:&quot;&lt;video class=\\&quot;fancybox__html5video\\&quot; controls muted playsinline controlsList controlsList=\\&quot;nodownload\\&quot; poster=\\&quot;{{poster}}\\&quot; src=\\&quot;{{src}}\\&quot; type=\\&quot;{{format}}\\&quot; &gt;  Sorry, your browser doesn&#039;t support embedded videos, &lt;a href=\\&quot;{{src}}\\&quot;&gt; download &lt;\\\/a&gt; and watch with your favorite video player! &lt;\\\/video&gt;&quot;}},&quot;inView&quot;:false,&quot;email_subject&quot;:&quot;Check out this awesome image !!&quot;,&quot;email_message&quot;:&quot;Here is the link to the image : %%image_link%% and this is the link to the gallery : %%gallery_link%%&quot;,&quot;lightbox&quot;:&quot;fancybox&quot;}\">\n\n\t\n\t<div  class=\"modula-items\">\n\t\t<div class=\"modula-item effect-pufrobo\" >\n\t<div class=\"modula-item-overlay\"><\/div>\n\n\t<div class=\"modula-item-content\">\n\n\t\t\t\t\n\t\t\t\t\t<a data-image-id=\"6615\" role=\"button\" tabindex=\"0\" rel=\"jtg-6741\" data-caption=\"\" aria-label=\"Open image in lightbox\" class=\"tile-inner modula-item-link\"><\/a>\n\t\t\n\t\t<img loading=\"lazy\" decoding=\"async\" class=\"pic wp-image-6615\"  data-valign=\"middle\" data-halign=\"center\" alt=\"\" data-full=\"https:\/\/adriacentar.com\/wp-content\/uploads\/2024\/06\/ljof.jpg\" title=\"ljof\" width=\"1440\" height=\"957\" src=\"https:\/\/adriacentar.com\/wp-content\/uploads\/2024\/06\/ljof.jpg\" data-src=\"https:\/\/adriacentar.com\/wp-content\/uploads\/2024\/06\/ljof.jpg\" data-caption=\"\" srcset=\"https:\/\/adriacentar.com\/wp-content\/uploads\/2024\/06\/ljof.jpg 1440w, https:\/\/adriacentar.com\/wp-content\/uploads\/2024\/06\/ljof-300x199.jpg 300w, https:\/\/adriacentar.com\/wp-content\/uploads\/2024\/06\/ljof-1024x681.jpg 1024w, https:\/\/adriacentar.com\/wp-content\/uploads\/2024\/06\/ljof-768x510.jpg 768w, https:\/\/adriacentar.com\/wp-content\/uploads\/2024\/06\/ljof-18x12.jpg 18w, https:\/\/adriacentar.com\/wp-content\/uploads\/2024\/06\/ljof-600x400.jpg 600w\" sizes=\"auto, (max-width: 1440px) 100vw, 1440px\" \/>\n\t\t<div class=\"figc no-description\">\n\t\t\t<div class=\"figc-inner\">\n\t\t\t\t\t\t\t\t\t\t\t\t\t\t\t<\/div>\n\t\t<\/div>\n\n\t<\/div>\n\n<\/div><div class=\"modula-item effect-pufrobo\" >\n\t<div class=\"modula-item-overlay\"><\/div>\n\n\t<div class=\"modula-item-content\">\n\n\t\t\t\t\n\t\t\t\t\t<a data-image-id=\"6808\" role=\"button\" tabindex=\"0\" rel=\"jtg-6741\" data-caption=\"\" aria-label=\"Open image in lightbox\" class=\"tile-inner modula-item-link\"><\/a>\n\t\t\n\t\t<img loading=\"lazy\" decoding=\"async\" class=\"pic wp-image-6808\"  data-valign=\"middle\" data-halign=\"center\" alt=\"\" data-full=\"https:\/\/adriacentar.com\/wp-content\/uploads\/2024\/06\/bicikli.jpg\" title=\"bicikli\" width=\"1281\" height=\"853\" src=\"https:\/\/adriacentar.com\/wp-content\/uploads\/2024\/06\/bicikli.jpg\" data-src=\"https:\/\/adriacentar.com\/wp-content\/uploads\/2024\/06\/bicikli.jpg\" data-caption=\"\" srcset=\"https:\/\/adriacentar.com\/wp-content\/uploads\/2024\/06\/bicikli.jpg 1281w, https:\/\/adriacentar.com\/wp-content\/uploads\/2024\/06\/bicikli-300x200.jpg 300w, https:\/\/adriacentar.com\/wp-content\/uploads\/2024\/06\/bicikli-1024x682.jpg 1024w, https:\/\/adriacentar.com\/wp-content\/uploads\/2024\/06\/bicikli-768x511.jpg 768w, https:\/\/adriacentar.com\/wp-content\/uploads\/2024\/06\/bicikli-18x12.jpg 18w, https:\/\/adriacentar.com\/wp-content\/uploads\/2024\/06\/bicikli-600x400.jpg 600w\" sizes=\"auto, (max-width: 1281px) 100vw, 1281px\" \/>\n\t\t<div class=\"figc no-description\">\n\t\t\t<div class=\"figc-inner\">\n\t\t\t\t\t\t\t\t\t\t\t\t\t\t\t<\/div>\n\t\t<\/div>\n\n\t<\/div>\n\n<\/div><div class=\"modula-item effect-pufrobo\" >\n\t<div class=\"modula-item-overlay\"><\/div>\n\n\t<div class=\"modula-item-content\">\n\n\t\t\t\t\n\t\t\t\t\t<a data-image-id=\"6614\" role=\"button\" tabindex=\"0\" rel=\"jtg-6741\" data-caption=\"\" aria-label=\"Open image in lightbox\" class=\"tile-inner modula-item-link\"><\/a>\n\t\t\n\t\t<img loading=\"lazy\" decoding=\"async\" class=\"pic wp-image-6614\"  data-valign=\"middle\" data-halign=\"center\" alt=\"\" data-full=\"https:\/\/adriacentar.com\/wp-content\/uploads\/2024\/06\/Kanu-tura.jpg\" title=\"Kanu tura\" width=\"1075\" height=\"811\" src=\"https:\/\/adriacentar.com\/wp-content\/uploads\/2024\/06\/Kanu-tura.jpg\" data-src=\"https:\/\/adriacentar.com\/wp-content\/uploads\/2024\/06\/Kanu-tura.jpg\" data-caption=\"\" srcset=\"https:\/\/adriacentar.com\/wp-content\/uploads\/2024\/06\/Kanu-tura.jpg 1075w, https:\/\/adriacentar.com\/wp-content\/uploads\/2024\/06\/Kanu-tura-300x226.jpg 300w, https:\/\/adriacentar.com\/wp-content\/uploads\/2024\/06\/Kanu-tura-1024x773.jpg 1024w, https:\/\/adriacentar.com\/wp-content\/uploads\/2024\/06\/Kanu-tura-768x579.jpg 768w, https:\/\/adriacentar.com\/wp-content\/uploads\/2024\/06\/Kanu-tura-16x12.jpg 16w\" sizes=\"auto, (max-width: 1075px) 100vw, 1075px\" \/>\n\t\t<div class=\"figc no-description\">\n\t\t\t<div class=\"figc-inner\">\n\t\t\t\t\t\t\t\t\t\t\t\t\t\t\t<\/div>\n\t\t<\/div>\n\n\t<\/div>\n\n<\/div><div class=\"modula-item effect-pufrobo\" >\n\t<div class=\"modula-item-overlay\"><\/div>\n\n\t<div class=\"modula-item-content\">\n\n\t\t\t\t\n\t\t\t\t\t<a data-image-id=\"6726\" role=\"button\" tabindex=\"0\" rel=\"jtg-6741\" data-caption=\"\" aria-label=\"Open image in lightbox\" class=\"tile-inner modula-item-link\"><\/a>\n\t\t\n\t\t<img loading=\"lazy\" decoding=\"async\" class=\"pic wp-image-6726\"  data-valign=\"middle\" data-halign=\"center\" alt=\"\" data-full=\"https:\/\/adriacentar.com\/wp-content\/uploads\/2024\/06\/IMG_8394.jpg\" title=\"IMG_8394\" width=\"1600\" height=\"1188\" src=\"https:\/\/adriacentar.com\/wp-content\/uploads\/2024\/06\/IMG_8394.jpg\" data-src=\"https:\/\/adriacentar.com\/wp-content\/uploads\/2024\/06\/IMG_8394.jpg\" data-caption=\"\" srcset=\"https:\/\/adriacentar.com\/wp-content\/uploads\/2024\/06\/IMG_8394.jpg 1600w, https:\/\/adriacentar.com\/wp-content\/uploads\/2024\/06\/IMG_8394-300x223.jpg 300w, https:\/\/adriacentar.com\/wp-content\/uploads\/2024\/06\/IMG_8394-1024x760.jpg 1024w, https:\/\/adriacentar.com\/wp-content\/uploads\/2024\/06\/IMG_8394-768x570.jpg 768w, https:\/\/adriacentar.com\/wp-content\/uploads\/2024\/06\/IMG_8394-1536x1140.jpg 1536w, https:\/\/adriacentar.com\/wp-content\/uploads\/2024\/06\/IMG_8394-16x12.jpg 16w\" sizes=\"auto, (max-width: 1600px) 100vw, 1600px\" \/>\n\t\t<div class=\"figc no-description\">\n\t\t\t<div class=\"figc-inner\">\n\t\t\t\t\t\t\t\t\t\t\t\t\t\t\t<\/div>\n\t\t<\/div>\n\n\t<\/div>\n\n<\/div><div class=\"modula-item effect-pufrobo\" >\n\t<div class=\"modula-item-overlay\"><\/div>\n\n\t<div class=\"modula-item-content\">\n\n\t\t\t\t\n\t\t\t\t\t<a data-image-id=\"6781\" role=\"button\" tabindex=\"0\" rel=\"jtg-6741\" data-caption=\"\" aria-label=\"Open image in lightbox\" class=\"tile-inner modula-item-link\"><\/a>\n\t\t\n\t\t<img loading=\"lazy\" decoding=\"async\" class=\"pic wp-image-6781\"  data-valign=\"middle\" data-halign=\"center\" alt=\"Team Building aktivnosti - Adria Centar Kocusa - Voznja kajaka\" data-full=\"https:\/\/adriacentar.com\/wp-content\/uploads\/2024\/06\/image_123650291-4-1.jpg\" title=\"Adria Centar Kocusa &amp;#8211; Team Building &amp;#8211; Kajaci\" width=\"758\" height=\"568\" src=\"https:\/\/adriacentar.com\/wp-content\/uploads\/2024\/06\/image_123650291-4-1.jpg\" data-src=\"https:\/\/adriacentar.com\/wp-content\/uploads\/2024\/06\/image_123650291-4-1.jpg\" data-caption=\"\" srcset=\"https:\/\/adriacentar.com\/wp-content\/uploads\/2024\/06\/image_123650291-4-1.jpg 758w, https:\/\/adriacentar.com\/wp-content\/uploads\/2024\/06\/image_123650291-4-1-300x225.jpg 300w, https:\/\/adriacentar.com\/wp-content\/uploads\/2024\/06\/image_123650291-4-1-16x12.jpg 16w\" sizes=\"auto, (max-width: 758px) 100vw, 758px\" \/>\n\t\t<div class=\"figc no-description\">\n\t\t\t<div class=\"figc-inner\">\n\t\t\t\t\t\t\t\t\t\t\t\t\t\t\t<\/div>\n\t\t<\/div>\n\n\t<\/div>\n\n<\/div><div class=\"modula-item effect-pufrobo\" >\n\t<div class=\"modula-item-overlay\"><\/div>\n\n\t<div class=\"modula-item-content\">\n\n\t\t\t\t\n\t\t\t\t\t<a data-image-id=\"6620\" role=\"button\" tabindex=\"0\" rel=\"jtg-6741\" data-caption=\"\" aria-label=\"Open image in lightbox\" class=\"tile-inner modula-item-link\"><\/a>\n\t\t\n\t\t<img loading=\"lazy\" decoding=\"async\" class=\"pic wp-image-6620\"  data-valign=\"middle\" data-halign=\"center\" alt=\"\" data-full=\"https:\/\/adriacentar.com\/wp-content\/uploads\/2024\/06\/voznja.jpg\" title=\"voznja\" width=\"1200\" height=\"900\" src=\"https:\/\/adriacentar.com\/wp-content\/uploads\/2024\/06\/voznja.jpg\" data-src=\"https:\/\/adriacentar.com\/wp-content\/uploads\/2024\/06\/voznja.jpg\" data-caption=\"\" srcset=\"https:\/\/adriacentar.com\/wp-content\/uploads\/2024\/06\/voznja.jpg 1200w, https:\/\/adriacentar.com\/wp-content\/uploads\/2024\/06\/voznja-300x225.jpg 300w, https:\/\/adriacentar.com\/wp-content\/uploads\/2024\/06\/voznja-1024x768.jpg 1024w, https:\/\/adriacentar.com\/wp-content\/uploads\/2024\/06\/voznja-768x576.jpg 768w, https:\/\/adriacentar.com\/wp-content\/uploads\/2024\/06\/voznja-16x12.jpg 16w\" sizes=\"auto, (max-width: 1200px) 100vw, 1200px\" \/>\n\t\t<div class=\"figc no-description\">\n\t\t\t<div class=\"figc-inner\">\n\t\t\t\t\t\t\t\t\t\t\t\t\t\t\t<\/div>\n\t\t<\/div>\n\n\t<\/div>\n\n<\/div><div class=\"modula-item effect-pufrobo\" >\n\t<div class=\"modula-item-overlay\"><\/div>\n\n\t<div class=\"modula-item-content\">\n\n\t\t\t\t\n\t\t\t\t\t<a data-image-id=\"6617\" role=\"button\" tabindex=\"0\" rel=\"jtg-6741\" data-caption=\"\" aria-label=\"Open image in lightbox\" class=\"tile-inner modula-item-link\"><\/a>\n\t\t\n\t\t<img loading=\"lazy\" decoding=\"async\" class=\"pic wp-image-6617\"  data-valign=\"middle\" data-halign=\"center\" alt=\"\" data-full=\"https:\/\/adriacentar.com\/wp-content\/uploads\/2024\/06\/quad.jpg\" title=\"quad\" width=\"960\" height=\"720\" src=\"https:\/\/adriacentar.com\/wp-content\/uploads\/2024\/06\/quad.jpg\" data-src=\"https:\/\/adriacentar.com\/wp-content\/uploads\/2024\/06\/quad.jpg\" data-caption=\"\" srcset=\"https:\/\/adriacentar.com\/wp-content\/uploads\/2024\/06\/quad.jpg 960w, https:\/\/adriacentar.com\/wp-content\/uploads\/2024\/06\/quad-300x225.jpg 300w, https:\/\/adriacentar.com\/wp-content\/uploads\/2024\/06\/quad-768x576.jpg 768w, https:\/\/adriacentar.com\/wp-content\/uploads\/2024\/06\/quad-16x12.jpg 16w\" sizes=\"auto, (max-width: 960px) 100vw, 960px\" \/>\n\t\t<div class=\"figc no-description\">\n\t\t\t<div class=\"figc-inner\">\n\t\t\t\t\t\t\t\t\t\t\t\t\t\t\t<\/div>\n\t\t<\/div>\n\n\t<\/div>\n\n<\/div><div class=\"modula-item effect-pufrobo\" >\n\t<div class=\"modula-item-overlay\"><\/div>\n\n\t<div class=\"modula-item-content\">\n\n\t\t\t\t\n\t\t\t\t\t<a data-image-id=\"6616\" role=\"button\" tabindex=\"0\" rel=\"jtg-6741\" data-caption=\"\" aria-label=\"Open image in lightbox\" class=\"tile-inner modula-item-link\"><\/a>\n\t\t\n\t\t<img loading=\"lazy\" decoding=\"async\" class=\"pic wp-image-6616\"  data-valign=\"middle\" data-halign=\"center\" alt=\"\" data-full=\"https:\/\/adriacentar.com\/wp-content\/uploads\/2024\/06\/paraglading-ljubuski.jpg\" title=\"paraglading ljubuski\" width=\"1080\" height=\"810\" src=\"https:\/\/adriacentar.com\/wp-content\/uploads\/2024\/06\/paraglading-ljubuski.jpg\" data-src=\"https:\/\/adriacentar.com\/wp-content\/uploads\/2024\/06\/paraglading-ljubuski.jpg\" data-caption=\"\" srcset=\"https:\/\/adriacentar.com\/wp-content\/uploads\/2024\/06\/paraglading-ljubuski.jpg 1080w, https:\/\/adriacentar.com\/wp-content\/uploads\/2024\/06\/paraglading-ljubuski-300x225.jpg 300w, https:\/\/adriacentar.com\/wp-content\/uploads\/2024\/06\/paraglading-ljubuski-1024x768.jpg 1024w, https:\/\/adriacentar.com\/wp-content\/uploads\/2024\/06\/paraglading-ljubuski-768x576.jpg 768w, https:\/\/adriacentar.com\/wp-content\/uploads\/2024\/06\/paraglading-ljubuski-16x12.jpg 16w\" sizes=\"auto, (max-width: 1080px) 100vw, 1080px\" \/>\n\t\t<div class=\"figc no-description\">\n\t\t\t<div class=\"figc-inner\">\n\t\t\t\t\t\t\t\t\t\t\t\t\t\t\t<\/div>\n\t\t<\/div>\n\n\t<\/div>\n\n<\/div><div class=\"modula-item effect-pufrobo\" >\n\t<div class=\"modula-item-overlay\"><\/div>\n\n\t<div class=\"modula-item-content\">\n\n\t\t\t\t\n\t\t\t\t\t<a data-image-id=\"6619\" role=\"button\" tabindex=\"0\" rel=\"jtg-6741\" data-caption=\"\" aria-label=\"Open image in lightbox\" class=\"tile-inner modula-item-link\"><\/a>\n\t\t\n\t\t<img loading=\"lazy\" decoding=\"async\" class=\"pic wp-image-6619\"  data-valign=\"middle\" data-halign=\"center\" alt=\"\" data-full=\"https:\/\/adriacentar.com\/wp-content\/uploads\/2024\/06\/Vidikovac-Ljub-2.jpg\" title=\"Vidikovac Ljub 2\" width=\"960\" height=\"720\" src=\"https:\/\/adriacentar.com\/wp-content\/uploads\/2024\/06\/Vidikovac-Ljub-2.jpg\" data-src=\"https:\/\/adriacentar.com\/wp-content\/uploads\/2024\/06\/Vidikovac-Ljub-2.jpg\" data-caption=\"\" srcset=\"https:\/\/adriacentar.com\/wp-content\/uploads\/2024\/06\/Vidikovac-Ljub-2.jpg 960w, https:\/\/adriacentar.com\/wp-content\/uploads\/2024\/06\/Vidikovac-Ljub-2-300x225.jpg 300w, https:\/\/adriacentar.com\/wp-content\/uploads\/2024\/06\/Vidikovac-Ljub-2-768x576.jpg 768w, https:\/\/adriacentar.com\/wp-content\/uploads\/2024\/06\/Vidikovac-Ljub-2-16x12.jpg 16w\" sizes=\"auto, (max-width: 960px) 100vw, 960px\" \/>\n\t\t<div class=\"figc no-description\">\n\t\t\t<div class=\"figc-inner\">\n\t\t\t\t\t\t\t\t\t\t\t\t\t\t\t<\/div>\n\t\t<\/div>\n\n\t<\/div>\n\n<\/div><div class=\"modula-item effect-pufrobo\" >\n\t<div class=\"modula-item-overlay\"><\/div>\n\n\t<div class=\"modula-item-content\">\n\n\t\t\t\t\n\t\t\t\t\t<a data-image-id=\"6612\" role=\"button\" tabindex=\"0\" rel=\"jtg-6741\" data-caption=\"\" aria-label=\"Open image in lightbox\" class=\"tile-inner modula-item-link\"><\/a>\n\t\t\n\t\t<img loading=\"lazy\" decoding=\"async\" class=\"pic wp-image-6612\"  data-valign=\"middle\" data-halign=\"center\" alt=\"\" data-full=\"https:\/\/adriacentar.com\/wp-content\/uploads\/2024\/06\/Avanturisticki-park-pec-mlini-2.jpeg\" title=\"Avanturisticki park pec mlini 2\" width=\"810\" height=\"540\" src=\"https:\/\/adriacentar.com\/wp-content\/uploads\/2024\/06\/Avanturisticki-park-pec-mlini-2.jpeg\" data-src=\"https:\/\/adriacentar.com\/wp-content\/uploads\/2024\/06\/Avanturisticki-park-pec-mlini-2.jpeg\" data-caption=\"\" srcset=\"https:\/\/adriacentar.com\/wp-content\/uploads\/2024\/06\/Avanturisticki-park-pec-mlini-2.jpeg 810w, https:\/\/adriacentar.com\/wp-content\/uploads\/2024\/06\/Avanturisticki-park-pec-mlini-2-300x200.jpeg 300w, https:\/\/adriacentar.com\/wp-content\/uploads\/2024\/06\/Avanturisticki-park-pec-mlini-2-768x512.jpeg 768w, https:\/\/adriacentar.com\/wp-content\/uploads\/2024\/06\/Avanturisticki-park-pec-mlini-2-18x12.jpeg 18w, https:\/\/adriacentar.com\/wp-content\/uploads\/2024\/06\/Avanturisticki-park-pec-mlini-2-600x400.jpeg 600w\" sizes=\"auto, (max-width: 810px) 100vw, 810px\" \/>\n\t\t<div class=\"figc no-description\">\n\t\t\t<div class=\"figc-inner\">\n\t\t\t\t\t\t\t\t\t\t\t\t\t\t\t<\/div>\n\t\t<\/div>\n\n\t<\/div>\n\n<\/div><div class=\"modula-item effect-pufrobo\" >\n\t<div class=\"modula-item-overlay\"><\/div>\n\n\t<div class=\"modula-item-content\">\n\n\t\t\t\t\n\t\t\t\t\t<a data-image-id=\"6618\" role=\"button\" tabindex=\"0\" rel=\"jtg-6741\" data-caption=\"\" aria-label=\"Open image in lightbox\" class=\"tile-inner modula-item-link\"><\/a>\n\t\t\n\t\t<img loading=\"lazy\" decoding=\"async\" class=\"pic wp-image-6618\"  data-valign=\"middle\" data-halign=\"center\" alt=\"\" data-full=\"https:\/\/adriacentar.com\/wp-content\/uploads\/2024\/06\/Ribolov.jpg\" title=\"Ribolov\" width=\"600\" height=\"450\" src=\"https:\/\/adriacentar.com\/wp-content\/uploads\/2024\/06\/Ribolov.jpg\" data-src=\"https:\/\/adriacentar.com\/wp-content\/uploads\/2024\/06\/Ribolov.jpg\" data-caption=\"\" srcset=\"https:\/\/adriacentar.com\/wp-content\/uploads\/2024\/06\/Ribolov.jpg 600w, https:\/\/adriacentar.com\/wp-content\/uploads\/2024\/06\/Ribolov-300x225.jpg 300w, https:\/\/adriacentar.com\/wp-content\/uploads\/2024\/06\/Ribolov-16x12.jpg 16w\" sizes=\"auto, (max-width: 600px) 100vw, 600px\" \/>\n\t\t<div class=\"figc no-description\">\n\t\t\t<div class=\"figc-inner\">\n\t\t\t\t\t\t\t\t\t\t\t\t\t\t\t<\/div>\n\t\t<\/div>\n\n\t<\/div>\n\n<\/div>\t\t\n\t<\/div>\n\n\t\n\t\n\t<script type=\"application\/ld+json\">\n\t{\n\t\t\"@context\": \"http:\/\/schema.org\",\n\t\t\"@type\"   : \"ImageGallery\",\n\t\t\"id\"      : \"https:\/\/adriacentar.com\/en\/sport-i-rekreacija\/\",\n\t\t\"url\"     : \"https:\/\/adriacentar.com\/en\/sport-i-rekreacija\/\"\n\t}\n\n\t<\/script>\n\n\t\n<\/div>\n\n\n\t\t<\/div>\n\t<\/div>\n<\/div><\/div><\/div><\/div><\/div><\/section><section class=\"vc_row wpb_row vc_row-fluid bg-light not-equal not-color\"><div class=\" container \"><div class=\"row \"><div class=\"wpb_column vc_column_container vc_col-sm-12\"><div class=\"vc_column-inner\"><div class=\"wpb_wrapper\"><div class=\"tlg-spacer\" data-height=\"20\" data-height-tablet=\"20\" data-height-mobile=\"20\" style=\"clear:both;display:block;height:20px;\"><\/div><\/div><\/div><\/div><\/div><\/div><\/section>\n<\/div>","protected":false},"excerpt":{"rendered":"Sport i rekreacija Otkrijte rasko\u0161an spektar sportskih i rekreacijskih aktivnosti koje \u0107e vas osvojiti. Krenite na nezaboravnu vo\u017enju biciklom du\u017e 11 kilometara slikovite biciklisti\u010dke...","protected":false},"author":1,"featured_media":0,"parent":0,"menu_order":0,"comment_status":"closed","ping_status":"closed","template":"","meta":{"footnotes":""},"class_list":["post-6367","page","type-page","status-publish","hentry"],"_links":{"self":[{"href":"https:\/\/adriacentar.com\/en\/wp-json\/wp\/v2\/pages\/6367","targetHints":{"allow":["GET"]}}],"collection":[{"href":"https:\/\/adriacentar.com\/en\/wp-json\/wp\/v2\/pages"}],"about":[{"href":"https:\/\/adriacentar.com\/en\/wp-json\/wp\/v2\/types\/page"}],"author":[{"embeddable":true,"href":"https:\/\/adriacentar.com\/en\/wp-json\/wp\/v2\/users\/1"}],"replies":[{"embeddable":true,"href":"https:\/\/adriacentar.com\/en\/wp-json\/wp\/v2\/comments?post=6367"}],"version-history":[{"count":14,"href":"https:\/\/adriacentar.com\/en\/wp-json\/wp\/v2\/pages\/6367\/revisions"}],"predecessor-version":[{"id":6825,"href":"https:\/\/adriacentar.com\/en\/wp-json\/wp\/v2\/pages\/6367\/revisions\/6825"}],"wp:attachment":[{"href":"https:\/\/adriacentar.com\/en\/wp-json\/wp\/v2\/media?parent=6367"}],"curies":[{"name":"wp","href":"https:\/\/api.w.org\/{rel}","templated":true}]}}