{"id":6366,"date":"2024-05-27T06:42:40","date_gmt":"2024-05-27T06:42:40","guid":{"rendered":"https:\/\/adriacentar.com\/v2\/?page_id=6366"},"modified":"2024-06-29T13:37:55","modified_gmt":"2024-06-29T13:37:55","slug":"svecane-prigode","status":"publish","type":"page","link":"https:\/\/adriacentar.com\/en\/svecane-prigode\/","title":{"rendered":"Special Occasions"},"content":{"rendered":"<div class=\"wpb-content-wrapper\"><section class=\"vc_row wpb_row vc_row-fluid bg-light not-equal not-color vc_custom_1719668272588 vc_row-has-fill image-bg z-index overlay parallax\"><div class=\"background-content\"><img decoding=\"async\" alt=\"background\" class=\"background-image\" src=\"https:\/\/adriacentar.com\/wp-content\/uploads\/2024\/06\/svecane.jpg?id=6592\" \/><div  class=\"background-overlay\"><\/div><\/div><div class=\" container \"><div class=\"row \"><div class=\"wpb_column vc_column_container vc_col-sm-12\"><div class=\"vc_column-inner\"><div class=\"wpb_wrapper\"><\/div><\/div><\/div><\/div><\/div><\/section><section class=\"vc_row wpb_row vc_row-fluid bg-light not-equal not-color\"><div class=\" container \"><div class=\"row \"><div class=\"wpb_column vc_column_container vc_col-sm-2\"><div class=\"vc_column-inner\"><div class=\"wpb_wrapper\"><\/div><\/div><\/div><div class=\"wpb_column vc_column_container vc_col-sm-8\"><div class=\"vc_column-inner vc_custom_1716886916111\"><div class=\"wpb_wrapper\"><div class=\"headings-title\"><div class=\"mb0 mb16 mb-xs-40 text-center\"><h2 style=\"text-transform: none!important;\" class=\"widgettitle mb0\">Sve\u010dane prigode<\/h2><\/div><\/div>\n\t<div class=\"wpb_text_column wpb_content_element vc_custom_1718223950868\" >\n\t\t<div class=\"wpb_wrapper\">\n\t\t\t<p>Restoran Konoba Ko\u0107u\u0161a nudi nezaboravne trenutke za sve vrste prigoda, poput ro\u0111endanskih proslava, kr\u0161tenja, pri\u010desti, krizmi i jo\u0161 mnogo toga. Uz jedinstvenu atmosferu i izvrsnu uslugu, svaka sve\u010danost postaje posebna i neponovljiva. Dopustite nam da svojom kreativno\u0161\u0107u dodamo \u010daroliju va\u0161em doga\u0111aju, stvaraju\u0107i nezaboravne trenutke koji \u0107e ostati urezani u va\u0161im sje\u0107anjima zauvijek.<\/p>\n\n\t\t<\/div>\n\t<\/div>\n<\/div><\/div><\/div><div class=\"wpb_column vc_column_container vc_col-sm-2\"><div class=\"vc_column-inner\"><div class=\"wpb_wrapper\"><\/div><\/div><\/div><\/div><\/div><\/section><section class=\"vc_row wpb_row vc_row-fluid bg-light not-equal not-color\"><div class=\" container \"><div class=\"row \"><div class=\"wpb_column vc_column_container vc_col-sm-12\"><div class=\"vc_column-inner\"><div class=\"wpb_wrapper\">\n\t<div class=\"wpb_text_column wpb_content_element\" >\n\t\t<div class=\"wpb_wrapper\">\n\t\t\t<div  id=\"jtg-6739\" class=\"modula modula-gallery modula-creative-gallery\" data-config=\"{&quot;height&quot;:1200,&quot;tabletHeight&quot;:1200,&quot;mobileHeight&quot;:1200,&quot;desktopHeight&quot;:1200,&quot;enableTwitter&quot;:false,&quot;enableWhatsapp&quot;:false,&quot;enableFacebook&quot;:false,&quot;enablePinterest&quot;:false,&quot;enableLinkedin&quot;:false,&quot;enableEmail&quot;:false,&quot;randomFactor&quot;:0,&quot;type&quot;:&quot;creative-gallery&quot;,&quot;columns&quot;:12,&quot;gutter&quot;:30,&quot;mobileGutter&quot;:30,&quot;tabletGutter&quot;:30,&quot;desktopGutter&quot;:30,&quot;enableResponsive&quot;:&quot;0&quot;,&quot;tabletColumns&quot;:2,&quot;mobileColumns&quot;:1,&quot;lazyLoad&quot;:0,&quot;lightboxOpts&quot;:{&quot;animated&quot;:true,&quot;Thumbs&quot;:{&quot;type&quot;:&quot;modern&quot;,&quot;showOnStart&quot;:false},&quot;Toolbar&quot;:{&quot;display&quot;:{&quot;right&quot;:[&quot;close&quot;]},&quot;enabled&quot;:true},&quot;Carousel&quot;:{&quot;Panzoom&quot;:{&quot;touch&quot;:false},&quot;infinite&quot;:false},&quot;keyboard&quot;:{&quot;Escape&quot;:&quot;close&quot;,&quot;Delete&quot;:&quot;close&quot;,&quot;Backspace&quot;:&quot;close&quot;,&quot;PageUp&quot;:false,&quot;PageDown&quot;:false,&quot;ArrowUp&quot;:false,&quot;ArrowDown&quot;:false,&quot;ArrowRight&quot;:false,&quot;ArrowLeft&quot;:false},&quot;touch&quot;:false,&quot;backdropClick&quot;:false,&quot;l10n&quot;:{&quot;CLOSE&quot;:&quot;Close&quot;,&quot;NEXT&quot;:&quot;Next&quot;,&quot;PREV&quot;:&quot;Previous&quot;,&quot;Error&quot;:&quot;The requested content cannot be loaded. Please try again later.&quot;,&quot;PLAY_START&quot;:&quot;Start slideshow&quot;,&quot;PLAY_STOP&quot;:&quot;Pause slideshow&quot;,&quot;FULL_SCREEN&quot;:&quot;Full screen&quot;,&quot;THUMBS&quot;:&quot;Thumbnails&quot;,&quot;DOWNLOAD&quot;:&quot;Download&quot;,&quot;SHARE&quot;:&quot;Share&quot;,&quot;ZOOM&quot;:&quot;Zoom&quot;,&quot;EMAIL&quot;:&quot;Here is the link to the image : %%image_link%% and this is the link to the gallery : %%gallery_link%%&quot;,&quot;MODAL&quot;:&quot;You can close this modal content with the ESC key&quot;,&quot;ERROR&quot;:&quot;Something Went Wrong, Please Try Again Later&quot;,&quot;IMAGE_ERROR&quot;:&quot;Image Not Found&quot;,&quot;ELEMENT_NOT_FOUND&quot;:&quot;HTML Element Not Found&quot;,&quot;AJAX_NOT_FOUND&quot;:&quot;Error Loading AJAX : Not Found&quot;,&quot;AJAX_FORBIDDEN&quot;:&quot;Error Loading AJAX : Forbidden&quot;,&quot;IFRAME_ERROR&quot;:&quot;Error Loading Page&quot;,&quot;TOGGLE_ZOOM&quot;:&quot;Toggle zoom level&quot;,&quot;TOGGLE_THUMBS&quot;:&quot;Toggle thumbnails&quot;,&quot;TOGGLE_SLIDESHOW&quot;:&quot;Toggle slideshow&quot;,&quot;TOGGLE_FULLSCREEN&quot;:&quot;Toggle full-screen mode&quot;},&quot;Images&quot;:{&quot;Panzoom&quot;:{&quot;maxScale&quot;:2}},&quot;mainClass&quot;:&quot;modula-fancybox-container modula-lightbox-jtg-6739&quot;,&quot;Html&quot;:{&quot;videoAutoplay&quot;:0,&quot;videoTpl&quot;:&quot;&lt;video class=\\&quot;fancybox__html5video\\&quot; controls muted playsinline controlsList controlsList=\\&quot;nodownload\\&quot; poster=\\&quot;{{poster}}\\&quot; src=\\&quot;{{src}}\\&quot; type=\\&quot;{{format}}\\&quot; &gt;  Sorry, your browser doesn&#039;t support embedded videos, &lt;a href=\\&quot;{{src}}\\&quot;&gt; download &lt;\\\/a&gt; and watch with your favorite video player! &lt;\\\/video&gt;&quot;}},&quot;inView&quot;:false,&quot;email_subject&quot;:&quot;Check out this awesome image !!&quot;,&quot;email_message&quot;:&quot;Here is the link to the image : %%image_link%% and this is the link to the gallery : %%gallery_link%%&quot;,&quot;lightbox&quot;:&quot;fancybox&quot;}\">\n\n\t\n\t<div  class=\"modula-items\">\n\t\t<div class=\"modula-item effect-pufrobo\" >\n\t<div class=\"modula-item-overlay\"><\/div>\n\n\t<div class=\"modula-item-content\">\n\n\t\t\t\t\n\t\t\t\t\t<a data-image-id=\"6786\" role=\"button\" tabindex=\"0\" rel=\"jtg-6739\" data-caption=\"\" aria-label=\"Open image in lightbox\" class=\"tile-inner modula-item-link\"><\/a>\n\t\t\n\t\t<img loading=\"lazy\" decoding=\"async\" class=\"pic wp-image-6786\"  data-valign=\"middle\" data-halign=\"center\" alt=\"\" data-full=\"https:\/\/adriacentar.com\/wp-content\/uploads\/2024\/06\/sv1.jpg\" title=\"sv1\" width=\"1200\" height=\"800\" src=\"https:\/\/adriacentar.com\/wp-content\/uploads\/2024\/06\/sv1.jpg\" data-src=\"https:\/\/adriacentar.com\/wp-content\/uploads\/2024\/06\/sv1.jpg\" data-caption=\"\" srcset=\"https:\/\/adriacentar.com\/wp-content\/uploads\/2024\/06\/sv1.jpg 1200w, https:\/\/adriacentar.com\/wp-content\/uploads\/2024\/06\/sv1-300x200.jpg 300w, https:\/\/adriacentar.com\/wp-content\/uploads\/2024\/06\/sv1-1024x683.jpg 1024w, https:\/\/adriacentar.com\/wp-content\/uploads\/2024\/06\/sv1-768x512.jpg 768w, https:\/\/adriacentar.com\/wp-content\/uploads\/2024\/06\/sv1-18x12.jpg 18w, https:\/\/adriacentar.com\/wp-content\/uploads\/2024\/06\/sv1-600x400.jpg 600w\" sizes=\"auto, (max-width: 1200px) 100vw, 1200px\" \/>\n\t\t<div class=\"figc no-description\">\n\t\t\t<div class=\"figc-inner\">\n\t\t\t\t\t\t\t\t\t\t\t\t\t\t\t<\/div>\n\t\t<\/div>\n\n\t<\/div>\n\n<\/div><div class=\"modula-item effect-pufrobo\" >\n\t<div class=\"modula-item-overlay\"><\/div>\n\n\t<div class=\"modula-item-content\">\n\n\t\t\t\t\n\t\t\t\t\t<a data-image-id=\"6588\" role=\"button\" tabindex=\"0\" rel=\"jtg-6739\" data-caption=\"\" aria-label=\"Open image in lightbox\" class=\"tile-inner modula-item-link\"><\/a>\n\t\t\n\t\t<img loading=\"lazy\" decoding=\"async\" class=\"pic wp-image-6588\"  data-valign=\"middle\" data-halign=\"center\" alt=\"\" data-full=\"https:\/\/adriacentar.com\/wp-content\/uploads\/2024\/06\/b194a473-fe54-4ff4-ad2a-4fd63bd2552e.jpg\" title=\"b194a473-fe54-4ff4-ad2a-4fd63bd2552e\" width=\"1440\" height=\"1440\" src=\"https:\/\/adriacentar.com\/wp-content\/uploads\/2024\/06\/b194a473-fe54-4ff4-ad2a-4fd63bd2552e.jpg\" data-src=\"https:\/\/adriacentar.com\/wp-content\/uploads\/2024\/06\/b194a473-fe54-4ff4-ad2a-4fd63bd2552e.jpg\" data-caption=\"\" srcset=\"https:\/\/adriacentar.com\/wp-content\/uploads\/2024\/06\/b194a473-fe54-4ff4-ad2a-4fd63bd2552e.jpg 1440w, https:\/\/adriacentar.com\/wp-content\/uploads\/2024\/06\/b194a473-fe54-4ff4-ad2a-4fd63bd2552e-300x300.jpg 300w, https:\/\/adriacentar.com\/wp-content\/uploads\/2024\/06\/b194a473-fe54-4ff4-ad2a-4fd63bd2552e-1024x1024.jpg 1024w, https:\/\/adriacentar.com\/wp-content\/uploads\/2024\/06\/b194a473-fe54-4ff4-ad2a-4fd63bd2552e-150x150.jpg 150w, https:\/\/adriacentar.com\/wp-content\/uploads\/2024\/06\/b194a473-fe54-4ff4-ad2a-4fd63bd2552e-768x768.jpg 768w, https:\/\/adriacentar.com\/wp-content\/uploads\/2024\/06\/b194a473-fe54-4ff4-ad2a-4fd63bd2552e-12x12.jpg 12w, https:\/\/adriacentar.com\/wp-content\/uploads\/2024\/06\/b194a473-fe54-4ff4-ad2a-4fd63bd2552e-60x60.jpg 60w\" sizes=\"auto, (max-width: 1440px) 100vw, 1440px\" \/>\n\t\t<div class=\"figc no-description\">\n\t\t\t<div class=\"figc-inner\">\n\t\t\t\t\t\t\t\t\t\t\t\t\t\t\t<\/div>\n\t\t<\/div>\n\n\t<\/div>\n\n<\/div><div class=\"modula-item effect-pufrobo\" >\n\t<div class=\"modula-item-overlay\"><\/div>\n\n\t<div class=\"modula-item-content\">\n\n\t\t\t\t\n\t\t\t\t\t<a data-image-id=\"6586\" role=\"button\" tabindex=\"0\" rel=\"jtg-6739\" data-caption=\"\" aria-label=\"Open image in lightbox\" class=\"tile-inner modula-item-link\"><\/a>\n\t\t\n\t\t<img loading=\"lazy\" decoding=\"async\" class=\"pic wp-image-6586\"  data-valign=\"middle\" data-halign=\"center\" alt=\"\" data-full=\"https:\/\/adriacentar.com\/wp-content\/uploads\/2024\/06\/321066e3-e028-46d2-9ad6-1babfbcc0a57.jpg\" title=\"321066e3-e028-46d2-9ad6-1babfbcc0a57\" width=\"1600\" height=\"1200\" src=\"https:\/\/adriacentar.com\/wp-content\/uploads\/2024\/06\/321066e3-e028-46d2-9ad6-1babfbcc0a57.jpg\" data-src=\"https:\/\/adriacentar.com\/wp-content\/uploads\/2024\/06\/321066e3-e028-46d2-9ad6-1babfbcc0a57.jpg\" data-caption=\"\" srcset=\"https:\/\/adriacentar.com\/wp-content\/uploads\/2024\/06\/321066e3-e028-46d2-9ad6-1babfbcc0a57.jpg 1600w, https:\/\/adriacentar.com\/wp-content\/uploads\/2024\/06\/321066e3-e028-46d2-9ad6-1babfbcc0a57-300x225.jpg 300w, https:\/\/adriacentar.com\/wp-content\/uploads\/2024\/06\/321066e3-e028-46d2-9ad6-1babfbcc0a57-1024x768.jpg 1024w, https:\/\/adriacentar.com\/wp-content\/uploads\/2024\/06\/321066e3-e028-46d2-9ad6-1babfbcc0a57-768x576.jpg 768w, https:\/\/adriacentar.com\/wp-content\/uploads\/2024\/06\/321066e3-e028-46d2-9ad6-1babfbcc0a57-1536x1152.jpg 1536w, https:\/\/adriacentar.com\/wp-content\/uploads\/2024\/06\/321066e3-e028-46d2-9ad6-1babfbcc0a57-16x12.jpg 16w\" sizes=\"auto, (max-width: 1600px) 100vw, 1600px\" \/>\n\t\t<div class=\"figc no-description\">\n\t\t\t<div class=\"figc-inner\">\n\t\t\t\t\t\t\t\t\t\t\t\t\t\t\t<\/div>\n\t\t<\/div>\n\n\t<\/div>\n\n<\/div><div class=\"modula-item effect-pufrobo\" >\n\t<div class=\"modula-item-overlay\"><\/div>\n\n\t<div class=\"modula-item-content\">\n\n\t\t\t\t\n\t\t\t\t\t<a data-image-id=\"6787\" role=\"button\" tabindex=\"0\" rel=\"jtg-6739\" data-caption=\"\" aria-label=\"Open image in lightbox\" class=\"tile-inner modula-item-link\"><\/a>\n\t\t\n\t\t<img loading=\"lazy\" decoding=\"async\" class=\"pic wp-image-6787\"  data-valign=\"middle\" data-halign=\"center\" alt=\"\" data-full=\"https:\/\/adriacentar.com\/wp-content\/uploads\/2024\/06\/sv2.jpg\" title=\"sv2\" width=\"1600\" height=\"979\" src=\"https:\/\/adriacentar.com\/wp-content\/uploads\/2024\/06\/sv2.jpg\" data-src=\"https:\/\/adriacentar.com\/wp-content\/uploads\/2024\/06\/sv2.jpg\" data-caption=\"\" srcset=\"https:\/\/adriacentar.com\/wp-content\/uploads\/2024\/06\/sv2.jpg 1600w, https:\/\/adriacentar.com\/wp-content\/uploads\/2024\/06\/sv2-300x184.jpg 300w, https:\/\/adriacentar.com\/wp-content\/uploads\/2024\/06\/sv2-1024x627.jpg 1024w, https:\/\/adriacentar.com\/wp-content\/uploads\/2024\/06\/sv2-768x470.jpg 768w, https:\/\/adriacentar.com\/wp-content\/uploads\/2024\/06\/sv2-1536x940.jpg 1536w, https:\/\/adriacentar.com\/wp-content\/uploads\/2024\/06\/sv2-18x12.jpg 18w\" sizes=\"auto, (max-width: 1600px) 100vw, 1600px\" \/>\n\t\t<div class=\"figc no-description\">\n\t\t\t<div class=\"figc-inner\">\n\t\t\t\t\t\t\t\t\t\t\t\t\t\t\t<\/div>\n\t\t<\/div>\n\n\t<\/div>\n\n<\/div><div class=\"modula-item effect-pufrobo\" >\n\t<div class=\"modula-item-overlay\"><\/div>\n\n\t<div class=\"modula-item-content\">\n\n\t\t\t\t\n\t\t\t\t\t<a data-image-id=\"6587\" role=\"button\" tabindex=\"0\" rel=\"jtg-6739\" data-caption=\"\" aria-label=\"Open image in lightbox\" class=\"tile-inner modula-item-link\"><\/a>\n\t\t\n\t\t<img loading=\"lazy\" decoding=\"async\" class=\"pic wp-image-6587\"  data-valign=\"middle\" data-halign=\"center\" alt=\"\" data-full=\"https:\/\/adriacentar.com\/wp-content\/uploads\/2024\/06\/a18e27d2-1ddd-4bf9-8070-b52b98390c98.jpg\" title=\"a18e27d2-1ddd-4bf9-8070-b52b98390c98\" width=\"1600\" height=\"900\" src=\"https:\/\/adriacentar.com\/wp-content\/uploads\/2024\/06\/a18e27d2-1ddd-4bf9-8070-b52b98390c98.jpg\" data-src=\"https:\/\/adriacentar.com\/wp-content\/uploads\/2024\/06\/a18e27d2-1ddd-4bf9-8070-b52b98390c98.jpg\" data-caption=\"\" srcset=\"https:\/\/adriacentar.com\/wp-content\/uploads\/2024\/06\/a18e27d2-1ddd-4bf9-8070-b52b98390c98.jpg 1600w, https:\/\/adriacentar.com\/wp-content\/uploads\/2024\/06\/a18e27d2-1ddd-4bf9-8070-b52b98390c98-300x169.jpg 300w, https:\/\/adriacentar.com\/wp-content\/uploads\/2024\/06\/a18e27d2-1ddd-4bf9-8070-b52b98390c98-1024x576.jpg 1024w, https:\/\/adriacentar.com\/wp-content\/uploads\/2024\/06\/a18e27d2-1ddd-4bf9-8070-b52b98390c98-768x432.jpg 768w, https:\/\/adriacentar.com\/wp-content\/uploads\/2024\/06\/a18e27d2-1ddd-4bf9-8070-b52b98390c98-1536x864.jpg 1536w, https:\/\/adriacentar.com\/wp-content\/uploads\/2024\/06\/a18e27d2-1ddd-4bf9-8070-b52b98390c98-18x10.jpg 18w\" sizes=\"auto, (max-width: 1600px) 100vw, 1600px\" \/>\n\t\t<div class=\"figc no-description\">\n\t\t\t<div class=\"figc-inner\">\n\t\t\t\t\t\t\t\t\t\t\t\t\t\t\t<\/div>\n\t\t<\/div>\n\n\t<\/div>\n\n<\/div><div class=\"modula-item effect-pufrobo\" >\n\t<div class=\"modula-item-overlay\"><\/div>\n\n\t<div class=\"modula-item-content\">\n\n\t\t\t\t\n\t\t\t\t\t<a data-image-id=\"6589\" role=\"button\" tabindex=\"0\" rel=\"jtg-6739\" data-caption=\"\" aria-label=\"Open image in lightbox\" class=\"tile-inner modula-item-link\"><\/a>\n\t\t\n\t\t<img loading=\"lazy\" decoding=\"async\" class=\"pic wp-image-6589\"  data-valign=\"middle\" data-halign=\"center\" alt=\"\" data-full=\"https:\/\/adriacentar.com\/wp-content\/uploads\/2024\/06\/b864e00d-4b25-4246-9f6c-a6f998eb3785.jpg\" title=\"b864e00d-4b25-4246-9f6c-a6f998eb3785\" width=\"1402\" height=\"1600\" src=\"https:\/\/adriacentar.com\/wp-content\/uploads\/2024\/06\/b864e00d-4b25-4246-9f6c-a6f998eb3785.jpg\" data-src=\"https:\/\/adriacentar.com\/wp-content\/uploads\/2024\/06\/b864e00d-4b25-4246-9f6c-a6f998eb3785.jpg\" data-caption=\"\" srcset=\"https:\/\/adriacentar.com\/wp-content\/uploads\/2024\/06\/b864e00d-4b25-4246-9f6c-a6f998eb3785.jpg 1402w, https:\/\/adriacentar.com\/wp-content\/uploads\/2024\/06\/b864e00d-4b25-4246-9f6c-a6f998eb3785-263x300.jpg 263w, https:\/\/adriacentar.com\/wp-content\/uploads\/2024\/06\/b864e00d-4b25-4246-9f6c-a6f998eb3785-897x1024.jpg 897w, https:\/\/adriacentar.com\/wp-content\/uploads\/2024\/06\/b864e00d-4b25-4246-9f6c-a6f998eb3785-768x876.jpg 768w, https:\/\/adriacentar.com\/wp-content\/uploads\/2024\/06\/b864e00d-4b25-4246-9f6c-a6f998eb3785-1346x1536.jpg 1346w, https:\/\/adriacentar.com\/wp-content\/uploads\/2024\/06\/b864e00d-4b25-4246-9f6c-a6f998eb3785-11x12.jpg 11w\" sizes=\"auto, (max-width: 1402px) 100vw, 1402px\" \/>\n\t\t<div class=\"figc no-description\">\n\t\t\t<div class=\"figc-inner\">\n\t\t\t\t\t\t\t\t\t\t\t\t\t\t\t<\/div>\n\t\t<\/div>\n\n\t<\/div>\n\n<\/div><div class=\"modula-item effect-pufrobo\" >\n\t<div class=\"modula-item-overlay\"><\/div>\n\n\t<div class=\"modula-item-content\">\n\n\t\t\t\t\n\t\t\t\t\t<a data-image-id=\"6594\" role=\"button\" tabindex=\"0\" rel=\"jtg-6739\" data-caption=\"\" aria-label=\"Open image in lightbox\" class=\"tile-inner modula-item-link\"><\/a>\n\t\t\n\t\t<img loading=\"lazy\" decoding=\"async\" class=\"pic wp-image-6594\"  data-valign=\"middle\" data-halign=\"center\" alt=\"\" data-full=\"https:\/\/adriacentar.com\/wp-content\/uploads\/2024\/06\/6a3d1f3d-12a1-4a56-b356-872d72ee49ae.jpg\" title=\"6a3d1f3d-12a1-4a56-b356-872d72ee49ae\" width=\"1600\" height=\"1041\" src=\"https:\/\/adriacentar.com\/wp-content\/uploads\/2024\/06\/6a3d1f3d-12a1-4a56-b356-872d72ee49ae.jpg\" data-src=\"https:\/\/adriacentar.com\/wp-content\/uploads\/2024\/06\/6a3d1f3d-12a1-4a56-b356-872d72ee49ae.jpg\" data-caption=\"\" srcset=\"https:\/\/adriacentar.com\/wp-content\/uploads\/2024\/06\/6a3d1f3d-12a1-4a56-b356-872d72ee49ae.jpg 1600w, https:\/\/adriacentar.com\/wp-content\/uploads\/2024\/06\/6a3d1f3d-12a1-4a56-b356-872d72ee49ae-300x195.jpg 300w, https:\/\/adriacentar.com\/wp-content\/uploads\/2024\/06\/6a3d1f3d-12a1-4a56-b356-872d72ee49ae-1024x666.jpg 1024w, https:\/\/adriacentar.com\/wp-content\/uploads\/2024\/06\/6a3d1f3d-12a1-4a56-b356-872d72ee49ae-768x500.jpg 768w, https:\/\/adriacentar.com\/wp-content\/uploads\/2024\/06\/6a3d1f3d-12a1-4a56-b356-872d72ee49ae-1536x999.jpg 1536w, https:\/\/adriacentar.com\/wp-content\/uploads\/2024\/06\/6a3d1f3d-12a1-4a56-b356-872d72ee49ae-18x12.jpg 18w\" sizes=\"auto, (max-width: 1600px) 100vw, 1600px\" \/>\n\t\t<div class=\"figc no-description\">\n\t\t\t<div class=\"figc-inner\">\n\t\t\t\t\t\t\t\t\t\t\t\t\t\t\t<\/div>\n\t\t<\/div>\n\n\t<\/div>\n\n<\/div><div class=\"modula-item effect-pufrobo\" >\n\t<div class=\"modula-item-overlay\"><\/div>\n\n\t<div class=\"modula-item-content\">\n\n\t\t\t\t\n\t\t\t\t\t<a data-image-id=\"6596\" role=\"button\" tabindex=\"0\" rel=\"jtg-6739\" data-caption=\"\" aria-label=\"Open image in lightbox\" class=\"tile-inner modula-item-link\"><\/a>\n\t\t\n\t\t<img loading=\"lazy\" decoding=\"async\" class=\"pic wp-image-6596\"  data-valign=\"middle\" data-halign=\"center\" alt=\"\" data-full=\"https:\/\/adriacentar.com\/wp-content\/uploads\/2024\/06\/76aafd7d-48a8-40a5-8fe5-2a3e7bed84c1.jpg\" title=\"76aafd7d-48a8-40a5-8fe5-2a3e7bed84c1\" width=\"1600\" height=\"757\" src=\"https:\/\/adriacentar.com\/wp-content\/uploads\/2024\/06\/76aafd7d-48a8-40a5-8fe5-2a3e7bed84c1.jpg\" data-src=\"https:\/\/adriacentar.com\/wp-content\/uploads\/2024\/06\/76aafd7d-48a8-40a5-8fe5-2a3e7bed84c1.jpg\" data-caption=\"\" srcset=\"https:\/\/adriacentar.com\/wp-content\/uploads\/2024\/06\/76aafd7d-48a8-40a5-8fe5-2a3e7bed84c1.jpg 1600w, https:\/\/adriacentar.com\/wp-content\/uploads\/2024\/06\/76aafd7d-48a8-40a5-8fe5-2a3e7bed84c1-300x142.jpg 300w, https:\/\/adriacentar.com\/wp-content\/uploads\/2024\/06\/76aafd7d-48a8-40a5-8fe5-2a3e7bed84c1-1024x484.jpg 1024w, https:\/\/adriacentar.com\/wp-content\/uploads\/2024\/06\/76aafd7d-48a8-40a5-8fe5-2a3e7bed84c1-768x363.jpg 768w, https:\/\/adriacentar.com\/wp-content\/uploads\/2024\/06\/76aafd7d-48a8-40a5-8fe5-2a3e7bed84c1-1536x727.jpg 1536w, https:\/\/adriacentar.com\/wp-content\/uploads\/2024\/06\/76aafd7d-48a8-40a5-8fe5-2a3e7bed84c1-18x9.jpg 18w\" sizes=\"auto, (max-width: 1600px) 100vw, 1600px\" \/>\n\t\t<div class=\"figc no-description\">\n\t\t\t<div class=\"figc-inner\">\n\t\t\t\t\t\t\t\t\t\t\t\t\t\t\t<\/div>\n\t\t<\/div>\n\n\t<\/div>\n\n<\/div><div class=\"modula-item effect-pufrobo\" >\n\t<div class=\"modula-item-overlay\"><\/div>\n\n\t<div class=\"modula-item-content\">\n\n\t\t\t\t\n\t\t\t\t\t<a data-image-id=\"6595\" role=\"button\" tabindex=\"0\" rel=\"jtg-6739\" data-caption=\"\" aria-label=\"Open image in lightbox\" class=\"tile-inner modula-item-link\"><\/a>\n\t\t\n\t\t<img loading=\"lazy\" decoding=\"async\" class=\"pic wp-image-6595\"  data-valign=\"middle\" data-halign=\"center\" alt=\"\" data-full=\"https:\/\/adriacentar.com\/wp-content\/uploads\/2024\/06\/30b4eb6a-a090-4244-9a19-d7aa665baf01.jpg\" title=\"30b4eb6a-a090-4244-9a19-d7aa665baf01\" width=\"1200\" height=\"1600\" src=\"https:\/\/adriacentar.com\/wp-content\/uploads\/2024\/06\/30b4eb6a-a090-4244-9a19-d7aa665baf01.jpg\" data-src=\"https:\/\/adriacentar.com\/wp-content\/uploads\/2024\/06\/30b4eb6a-a090-4244-9a19-d7aa665baf01.jpg\" data-caption=\"\" srcset=\"https:\/\/adriacentar.com\/wp-content\/uploads\/2024\/06\/30b4eb6a-a090-4244-9a19-d7aa665baf01.jpg 1200w, https:\/\/adriacentar.com\/wp-content\/uploads\/2024\/06\/30b4eb6a-a090-4244-9a19-d7aa665baf01-225x300.jpg 225w, https:\/\/adriacentar.com\/wp-content\/uploads\/2024\/06\/30b4eb6a-a090-4244-9a19-d7aa665baf01-768x1024.jpg 768w, https:\/\/adriacentar.com\/wp-content\/uploads\/2024\/06\/30b4eb6a-a090-4244-9a19-d7aa665baf01-1152x1536.jpg 1152w, https:\/\/adriacentar.com\/wp-content\/uploads\/2024\/06\/30b4eb6a-a090-4244-9a19-d7aa665baf01-9x12.jpg 9w\" sizes=\"auto, (max-width: 1200px) 100vw, 1200px\" \/>\n\t\t<div class=\"figc no-description\">\n\t\t\t<div class=\"figc-inner\">\n\t\t\t\t\t\t\t\t\t\t\t\t\t\t\t<\/div>\n\t\t<\/div>\n\n\t<\/div>\n\n<\/div>\t\t\n\t<\/div>\n\n\t\n\t\n\t<script type=\"application\/ld+json\">\n\t{\n\t\t\"@context\": \"http:\/\/schema.org\",\n\t\t\"@type\"   : \"ImageGallery\",\n\t\t\"id\"      : \"https:\/\/adriacentar.com\/en\/svecane-prigode\/\",\n\t\t\"url\"     : \"https:\/\/adriacentar.com\/en\/svecane-prigode\/\"\n\t}\n\n\t<\/script>\n\n\t\n<\/div>\n\n\n\t\t<\/div>\n\t<\/div>\n<\/div><\/div><\/div><\/div><\/div><\/section><section class=\"vc_row wpb_row vc_row-fluid bg-light not-equal not-color\"><div class=\" container \"><div class=\"row \"><div class=\"wpb_column vc_column_container vc_col-sm-12\"><div class=\"vc_column-inner\"><div class=\"wpb_wrapper\"><div class=\"tlg-spacer\" data-height=\"20\" data-height-tablet=\"20\" data-height-mobile=\"20\" style=\"clear:both;display:block;height:20px;\"><\/div><\/div><\/div><\/div><\/div><\/div><\/section>\n<\/div>","protected":false},"excerpt":{"rendered":"Sve\u010dane prigode Restoran Konoba Ko\u0107u\u0161a nudi nezaboravne trenutke za sve vrste prigoda, poput ro\u0111endanskih proslava, kr\u0161tenja, pri\u010desti, krizmi i jo\u0161 mnogo toga. Uz jedinstvenu...","protected":false},"author":1,"featured_media":0,"parent":0,"menu_order":0,"comment_status":"closed","ping_status":"closed","template":"","meta":{"footnotes":""},"class_list":["post-6366","page","type-page","status-publish","hentry"],"_links":{"self":[{"href":"https:\/\/adriacentar.com\/en\/wp-json\/wp\/v2\/pages\/6366","targetHints":{"allow":["GET"]}}],"collection":[{"href":"https:\/\/adriacentar.com\/en\/wp-json\/wp\/v2\/pages"}],"about":[{"href":"https:\/\/adriacentar.com\/en\/wp-json\/wp\/v2\/types\/page"}],"author":[{"embeddable":true,"href":"https:\/\/adriacentar.com\/en\/wp-json\/wp\/v2\/users\/1"}],"replies":[{"embeddable":true,"href":"https:\/\/adriacentar.com\/en\/wp-json\/wp\/v2\/comments?post=6366"}],"version-history":[{"count":8,"href":"https:\/\/adriacentar.com\/en\/wp-json\/wp\/v2\/pages\/6366\/revisions"}],"predecessor-version":[{"id":6826,"href":"https:\/\/adriacentar.com\/en\/wp-json\/wp\/v2\/pages\/6366\/revisions\/6826"}],"wp:attachment":[{"href":"https:\/\/adriacentar.com\/en\/wp-json\/wp\/v2\/media?parent=6366"}],"curies":[{"name":"wp","href":"https:\/\/api.w.org\/{rel}","templated":true}]}}