{"id":354,"date":"2015-12-15T09:22:37","date_gmt":"2015-12-15T09:22:37","guid":{"rendered":"http:\/\/demo.themelogi.com\/roneous\/?page_id=354"},"modified":"2024-07-23T09:34:54","modified_gmt":"2024-07-23T09:34:54","slug":"znamenitosti-u-blizini-centra","status":"publish","type":"page","link":"https:\/\/adriacentar.com\/en\/znamenitosti-u-blizini-centra\/","title":{"rendered":"Attractions near the center"},"content":{"rendered":"<div class=\"wpb-content-wrapper\"><section class=\"vc_row wpb_row vc_row-fluid bg-light not-equal not-color vc_custom_1719668644290 vc_row-has-fill image-bg z-index overlay parallax\"><div class=\"background-content\"><img decoding=\"async\" alt=\"background\" class=\"background-image\" src=\"https:\/\/adriacentar.com\/wp-content\/uploads\/2024\/06\/ljubuski.jpg?id=6536\" \/><div  class=\"background-overlay\"><\/div><\/div><div class=\"container\"><div class=\"row\"><div class=\"wpb_column vc_column_container vc_col-sm-12\"><div class=\"vc_column-inner\"><div class=\"wpb_wrapper\"><\/div><\/div><\/div><\/div><\/div><\/section><section class=\"vc_row wpb_row vc_row-fluid bg-light not-equal not-color\"><div class=\"container\"><div class=\"row\"><div class=\"wpb_column vc_column_container vc_col-sm-2\"><div class=\"vc_column-inner\"><div class=\"wpb_wrapper\"><\/div><\/div><\/div><div class=\"wpb_column vc_column_container vc_col-sm-8\"><div class=\"vc_column-inner vc_custom_1716886481842\"><div class=\"wpb_wrapper\"><div class=\"headings-title\"><div class=\"mb0 mb16 mb-xs-40 text-center\"><h2 style=\"text-transform: none!important;\" class=\"widgettitle mb0\">Attractions near the center<\/h2><\/div><\/div>\n\t<div class=\"wpb_text_column wpb_content_element vc_custom_1716744404471\" >\n\t\t<div class=\"wpb_wrapper\">\n\t\t\t<p style=\"text-align: center;\">What to visit during your stay in Ljubu\u0161ki? Interesting history and the influence of nature\nhave provided the town with numerous attractions and natural beauties\/wonders, as well as a rich cultural offer. Here is a list of attractions near our center.<\/p>\n\n\t\t<\/div>\n\t<\/div>\n<\/div><\/div><\/div><div class=\"wpb_column vc_column_container vc_col-sm-2\"><div class=\"vc_column-inner\"><div class=\"wpb_wrapper\"><\/div><\/div><\/div><\/div><\/div><\/section><section class=\"vc_row wpb_row vc_row-fluid bg-light not-equal not-color\"><div class=\"container\"><div class=\"row\"><div class=\"wpb_column vc_column_container vc_col-sm-6\"><div class=\"vc_column-inner\"><div class=\"wpb_wrapper\"><div class=\"image-captions\"><div class=\"tlg-banner\"><figure class=\"hover-caption-2\"><img loading=\"lazy\" decoding=\"async\" width=\"1000\" height=\"750\" src=\"https:\/\/adriacentar.com\/wp-content\/uploads\/2024\/06\/vodopad-kocusa.jpg\" class=\"attachment-full size-full\" alt=\"\" srcset=\"https:\/\/adriacentar.com\/wp-content\/uploads\/2024\/06\/vodopad-kocusa.jpg 1000w, https:\/\/adriacentar.com\/wp-content\/uploads\/2024\/06\/vodopad-kocusa-300x225.jpg 300w, https:\/\/adriacentar.com\/wp-content\/uploads\/2024\/06\/vodopad-kocusa-768x576.jpg 768w, https:\/\/adriacentar.com\/wp-content\/uploads\/2024\/06\/vodopad-kocusa-16x12.jpg 16w\" sizes=\"auto, (max-width: 1000px) 100vw, 1000px\" \/><figcaption><div><h2 style=\"font-size:22px;line-height:32px;\">Ko\u0107u\u0161a Waterfall (400m)<\/h2><p style=\"font-size:14px;line-height:19px;\" >Ko\u0107u\u0161a Waterfall is located in the village of Veljaci in the municipality of Ljubu\u0161ki and is one of the most beautiful natural pearls of this part of Herzegovina. Ko\u0107u\u0161a is situated on the river Mlade, which downstream from the waterfall changes its name to Trebi\u017eat. The height of the waterfall is 5 meters, with a length of 50 meters. In the immediate vicinity, there are mills that have adorned this place for years. Due to the unique combination of nature and local craftsmanship, a large number of tourists can enjoy this place throughout the year.<\/p><\/div><\/figcaption><\/figure><\/div><\/div><div class=\"vc_row wpb_row vc_inner vc_row-fluid\"><div class=\"wpb_column vc_column_container vc_col-sm-12 vc_hidden-lg vc_hidden-md vc_hidden-sm\"><div class=\"vc_column-inner\"><div class=\"wpb_wrapper\">\n\t<div class=\"wpb_text_column wpb_content_element vc_custom_1719668762597\" >\n\t\t<div class=\"wpb_wrapper\">\n\t\t\t<p>Ko\u0107u\u0161a Waterfall is located in the village of Veljaci in the municipality of Ljubu\u0161ki and is one of the most beautiful natural pearls of this part of Herzegovina. Ko\u0107u\u0161a is situated on the river Mlade, which downstream from the waterfall changes its name to Trebi\u017eat. The height of the waterfall is 5 meters, with a length of 50 meters. In the immediate vicinity, there are mills that have adorned this place for years. Due to the unique combination of nature and local craftsmanship, a large number of tourists can enjoy this place throughout the year.<\/p>\n\n\t\t<\/div>\n\t<\/div>\n<\/div><\/div><\/div><\/div><\/div><\/div><\/div><div class=\"wpb_column vc_column_container vc_col-sm-6\"><div class=\"vc_column-inner\"><div class=\"wpb_wrapper\"><div class=\"image-captions\"><div class=\"tlg-banner\"><figure class=\"hover-caption-2\"><img loading=\"lazy\" decoding=\"async\" width=\"1000\" height=\"750\" src=\"https:\/\/adriacentar.com\/wp-content\/uploads\/2024\/06\/kravica2-2.jpg\" class=\"attachment-full size-full\" alt=\"\" srcset=\"https:\/\/adriacentar.com\/wp-content\/uploads\/2024\/06\/kravica2-2.jpg 1000w, https:\/\/adriacentar.com\/wp-content\/uploads\/2024\/06\/kravica2-2-300x225.jpg 300w, https:\/\/adriacentar.com\/wp-content\/uploads\/2024\/06\/kravica2-2-768x576.jpg 768w, https:\/\/adriacentar.com\/wp-content\/uploads\/2024\/06\/kravica2-2-16x12.jpg 16w\" sizes=\"auto, (max-width: 1000px) 100vw, 1000px\" \/><figcaption><div><h2 style=\"font-size:22px;line-height:32px;\">Kravica Waterfall (18km)<\/h2><p style=\"font-size:14px;line-height:19px;\" >The Kravica Waterfall is the most attractive site on the Trebi\u017eat River. It is located in Studenci, 10 kilometers south of Ljubu\u0161ki. Formed by\nthe sedimentary work of the Trebi\u017eat River, it is protected as a natural phenomenon and rarity by the state. The height of the waterfall ranges from 26 to 28 meters, with a water amphitheater below the waterfall measuring 120 meters in diameter. From the bottom to the top of the waterfall, grass, moss, and lichens have grown over the sedimentary layer. Hemp agrimony, figs, and poplars have also sprouted alongside the waterfall. In the past, numerous mills and fulling mills were active alongside the\nwaterfall for the processing of woolen cloth.<\/p><\/div><\/figcaption><\/figure><\/div><\/div><div class=\"vc_row wpb_row vc_inner vc_row-fluid\"><div class=\"wpb_column vc_column_container vc_col-sm-12 vc_hidden-lg vc_hidden-md vc_hidden-sm\"><div class=\"vc_column-inner\"><div class=\"wpb_wrapper\">\n\t<div class=\"wpb_text_column wpb_content_element vc_custom_1719668782374\" >\n\t\t<div class=\"wpb_wrapper\">\n\t\t\t<p>The Kravica Waterfall is the most attractive site on the Trebi\u017eat River. It is located in Studenci, 10 kilometers south of Ljubu\u0161ki. Formed by\nthe sedimentary work of the Trebi\u017eat River, it is protected as a natural phenomenon and rarity by the state. The height of the waterfall ranges from 26 to 28 meters, with a water amphitheater below the waterfall measuring 120 meters in diameter. From the bottom to the top of the waterfall, grass, moss, and lichens have grown over the sedimentary layer. Hemp agrimony, figs, and poplars have also sprouted alongside the waterfall. In the past, numerous mills and fulling mills were active alongside the\nwaterfall for the processing of woolen cloth.<\/p>\n\n\t\t<\/div>\n\t<\/div>\n<\/div><\/div><\/div><\/div><\/div><\/div><\/div><\/div><\/div><\/section><section class=\"vc_row wpb_row vc_row-fluid bg-light not-equal not-color\"><div class=\"container\"><div class=\"row\"><div class=\"wpb_column vc_column_container vc_col-sm-6\"><div class=\"vc_column-inner\"><div class=\"wpb_wrapper\"><div class=\"image-captions\"><div class=\"tlg-banner\"><figure class=\"hover-caption-2\"><img loading=\"lazy\" decoding=\"async\" width=\"1000\" height=\"750\" src=\"https:\/\/adriacentar.com\/wp-content\/uploads\/2024\/06\/stari-grad-ljubuski.jpg\" class=\"attachment-full size-full\" alt=\"\" srcset=\"https:\/\/adriacentar.com\/wp-content\/uploads\/2024\/06\/stari-grad-ljubuski.jpg 1000w, https:\/\/adriacentar.com\/wp-content\/uploads\/2024\/06\/stari-grad-ljubuski-300x225.jpg 300w, https:\/\/adriacentar.com\/wp-content\/uploads\/2024\/06\/stari-grad-ljubuski-768x576.jpg 768w, https:\/\/adriacentar.com\/wp-content\/uploads\/2024\/06\/stari-grad-ljubuski-16x12.jpg 16w\" sizes=\"auto, (max-width: 1000px) 100vw, 1000px\" \/><figcaption><div><h2 style=\"font-size:22px;line-height:32px;\">Old Town Ljubu\u0161ki (13km)<\/h2><p style=\"font-size:14px;line-height:19px;\" >In the Middle Ages, above Ljubu\u0161ki, on the top of Buturovica hill, a fortress was built that is usually attributed to Duke Stjepan, although\nit is older than him. In written sources, Ljubu\u0161ki is first mentioned on February 21, 1444, under the name Lubussa. Sometime before 1477, the city fell into Turkish hands and became a border fortress with a strong garrison. The Turks converted the fortress into a military camp, complete with all necessary facilities.\nAfter 1835, the fortress lost its defensive and strategic role. It had a granary, reservoir, prison, commander's residence, and nearby quarters for the military garrison. In the 17th century, Dubrovnik masters repaired the city. By the early 19th century, the city lost its military significance and soon began to decay. Today, this fortress is one of the major tourist attractions in the municipality of Ljubu\u0161ki and throughout Herzegovina.<\/p><\/div><\/figcaption><\/figure><\/div><\/div><div class=\"vc_row wpb_row vc_inner vc_row-fluid\"><div class=\"wpb_column vc_column_container vc_col-sm-12 vc_hidden-lg vc_hidden-md vc_hidden-sm\"><div class=\"vc_column-inner\"><div class=\"wpb_wrapper\">\n\t<div class=\"wpb_text_column wpb_content_element vc_custom_1719668810825\" >\n\t\t<div class=\"wpb_wrapper\">\n\t\t\t<p>In the Middle Ages, above Ljubu\u0161ki, on the top of Buturovica hill, a fortress was built that is usually attributed to Duke Stjepan, although\nit is older than him. In written sources, Ljubu\u0161ki is first mentioned on February 21, 1444, under the name Lubussa. Sometime before 1477, the city fell into Turkish hands and became a border fortress with a strong garrison. The Turks converted the fortress into a military camp, complete with all necessary facilities.\nAfter 1835, the fortress lost its defensive and strategic role. It had a granary, reservoir, prison, commander's residence, and nearby quarters for the military garrison. In the 17th century, Dubrovnik masters repaired the city. By the early 19th century, the city lost its military significance and soon began to decay. Today, this fortress is one of the major tourist attractions in the municipality of Ljubu\u0161ki and throughout Herzegovina.<\/p>\n\n\t\t<\/div>\n\t<\/div>\n<\/div><\/div><\/div><\/div><\/div><\/div><\/div><div class=\"wpb_column vc_column_container vc_col-sm-6\"><div class=\"vc_column-inner\"><div class=\"wpb_wrapper\"><div class=\"image-captions\"><div class=\"tlg-banner\"><figure class=\"hover-caption-2\"><img loading=\"lazy\" decoding=\"async\" width=\"1000\" height=\"750\" src=\"https:\/\/adriacentar.com\/wp-content\/uploads\/2024\/06\/muzej_humac.jpg\" class=\"attachment-full size-full\" alt=\"\" srcset=\"https:\/\/adriacentar.com\/wp-content\/uploads\/2024\/06\/muzej_humac.jpg 1000w, https:\/\/adriacentar.com\/wp-content\/uploads\/2024\/06\/muzej_humac-300x225.jpg 300w, https:\/\/adriacentar.com\/wp-content\/uploads\/2024\/06\/muzej_humac-768x576.jpg 768w, https:\/\/adriacentar.com\/wp-content\/uploads\/2024\/06\/muzej_humac-16x12.jpg 16w\" sizes=\"auto, (max-width: 1000px) 100vw, 1000px\" \/><figcaption><div><h2 style=\"font-size:22px;line-height:32px;\">Archaeological Museum on Humac (13km)<\/h2><p style=\"font-size:14px;line-height:19px;\" >The Museum on Humac is the oldest museum in Bosnia and Herzegovina, founded in 1884, and is located in close proximity to the Franciscan monastery. The museum houses one of the finest collections of ancient artifacts found near the monastery. The oldest written document discovered in Bosnia and Herzegovina, the Humac Stone Tablet, is also exhibited in this museum. The tablet dates back to the 11th and 12th centuries. If you visit this museum, you can see a large collection of artifacts discovered in the Roman settlement, such as jewelry, weapons, helmets, and engraved tombstones. Many of these items were found in the ruins of the Roman military camp Bigeste, located very close to the monastery.<\/p><\/div><\/figcaption><\/figure><\/div><\/div><div class=\"vc_row wpb_row vc_inner vc_row-fluid\"><div class=\"wpb_column vc_column_container vc_col-sm-12 vc_hidden-lg vc_hidden-md vc_hidden-sm\"><div class=\"vc_column-inner\"><div class=\"wpb_wrapper\">\n\t<div class=\"wpb_text_column wpb_content_element vc_custom_1719668823844\" >\n\t\t<div class=\"wpb_wrapper\">\n\t\t\t<p>The Museum on Humac is the oldest museum in Bosnia and Herzegovina, founded in 1884, and is located in close proximity to the Franciscan monastery. The museum houses one of the finest collections of ancient artifacts found near the monastery. The oldest written document discovered in Bosnia and Herzegovina, the Humac Stone Tablet, is also exhibited in this museum. The tablet dates back to the 11th and 12th centuries. If you visit this museum, you can see a large collection of artifacts discovered in the Roman settlement, such as jewelry, weapons, helmets, and engraved tombstones. Many of these items were found in the ruins of the Roman military camp Bigeste, located very close to the monastery.<\/p>\n\n\t\t<\/div>\n\t<\/div>\n<\/div><\/div><\/div><\/div><\/div><\/div><\/div><\/div><\/div><\/section><section class=\"vc_row wpb_row vc_row-fluid bg-light not-equal not-color\"><div class=\"container\"><div class=\"row\"><div class=\"wpb_column vc_column_container vc_col-sm-6\"><div class=\"vc_column-inner\"><div class=\"wpb_wrapper\"><div class=\"image-captions\"><div class=\"tlg-banner\"><figure class=\"hover-caption-2\"><img loading=\"lazy\" decoding=\"async\" width=\"1000\" height=\"750\" src=\"https:\/\/adriacentar.com\/wp-content\/uploads\/2024\/06\/rimski-logor.jpg\" class=\"attachment-full size-full\" alt=\"\" srcset=\"https:\/\/adriacentar.com\/wp-content\/uploads\/2024\/06\/rimski-logor.jpg 1000w, https:\/\/adriacentar.com\/wp-content\/uploads\/2024\/06\/rimski-logor-300x225.jpg 300w, https:\/\/adriacentar.com\/wp-content\/uploads\/2024\/06\/rimski-logor-768x576.jpg 768w, https:\/\/adriacentar.com\/wp-content\/uploads\/2024\/06\/rimski-logor-16x12.jpg 16w\" sizes=\"auto, (max-width: 1000px) 100vw, 1000px\" \/><figcaption><div><h2 style=\"font-size:22px;line-height:32px;\">Roman military camp (13km)<\/h2><p style=\"font-size:14px;line-height:19px;\" >The ancient site of Gra\u010dine is located on a flat plateau above the left bank of the Trebi\u017eat River, in the area of Humac settlement, 2 km\nsouthwest of Ljubu\u0161ki. The plateau's elevation is approximately 75 meters above sea level, about 10 meters higher than the Trebi\u017eat River. The Gra\u010dine site covers an area of 4 hectares.\nAccording to the Herzegovinian Schematism by Fra Petar Bakula from 1367, Gra\u010dine on Humac is mentioned, where visible are the walls of ancient buildings with abundant remains of dressed stone, bricks, and tiles, as well as remains of a Roman bridge and a road with milestones.<\/p><\/div><\/figcaption><\/figure><\/div><\/div><div class=\"vc_row wpb_row vc_inner vc_row-fluid\"><div class=\"wpb_column vc_column_container vc_col-sm-12 vc_hidden-lg vc_hidden-md vc_hidden-sm\"><div class=\"vc_column-inner\"><div class=\"wpb_wrapper\">\n\t<div class=\"wpb_text_column wpb_content_element vc_custom_1719668849593\" >\n\t\t<div class=\"wpb_wrapper\">\n\t\t\t<p>The ancient site of Gra\u010dine is located on a flat plateau above the left bank of the Trebi\u017eat River, in the area of Humac settlement, 2 km\nsouthwest of Ljubu\u0161ki. The plateau's elevation is approximately 75 meters above sea level, about 10 meters higher than the Trebi\u017eat River. The Gra\u010dine site covers an area of 4 hectares.\nAccording to the Herzegovinian Schematism by Fra Petar Bakula from 1367, Gra\u010dine on Humac is mentioned, where visible are the walls of ancient buildings with abundant remains of dressed stone, bricks, and tiles, as well as remains of a Roman bridge and a road with milestones.<\/p>\n\n\t\t<\/div>\n\t<\/div>\n<\/div><\/div><\/div><\/div><\/div><\/div><\/div><div class=\"wpb_column vc_column_container vc_col-sm-6\"><div class=\"vc_column-inner\"><div class=\"wpb_wrapper\"><div class=\"image-captions\"><div class=\"tlg-banner\"><figure class=\"hover-caption-2\"><img loading=\"lazy\" decoding=\"async\" width=\"1000\" height=\"750\" src=\"https:\/\/adriacentar.com\/wp-content\/uploads\/2024\/06\/avanturisticki-pec-mlini.jpg\" class=\"attachment-full size-full\" alt=\"\" srcset=\"https:\/\/adriacentar.com\/wp-content\/uploads\/2024\/06\/avanturisticki-pec-mlini.jpg 1000w, https:\/\/adriacentar.com\/wp-content\/uploads\/2024\/06\/avanturisticki-pec-mlini-300x225.jpg 300w, https:\/\/adriacentar.com\/wp-content\/uploads\/2024\/06\/avanturisticki-pec-mlini-768x576.jpg 768w, https:\/\/adriacentar.com\/wp-content\/uploads\/2024\/06\/avanturisticki-pec-mlini-16x12.jpg 16w\" sizes=\"auto, (max-width: 1000px) 100vw, 1000px\" \/><figcaption><div><h2 style=\"font-size:22px;line-height:32px;\">Adventure Park Pe\u0107 Mlini (20 km)<\/h2><p style=\"font-size:14px;line-height:19px;\" >The Adventure Park Pe\u0107 Mlini is located near the\nsource of the Tihaljina River in the municipality of Grude. In Pe\u0107 Mlini, you can find the longest zipline in Bosnia and Herzegovina, and if you enjoy thrills, you can also try sports climbing.<\/p><\/div><\/figcaption><\/figure><\/div><\/div><div class=\"vc_row wpb_row vc_inner vc_row-fluid\"><div class=\"wpb_column vc_column_container vc_col-sm-12 vc_hidden-lg vc_hidden-md vc_hidden-sm\"><div class=\"vc_column-inner\"><div class=\"wpb_wrapper\">\n\t<div class=\"wpb_text_column wpb_content_element vc_custom_1719668861124\" >\n\t\t<div class=\"wpb_wrapper\">\n\t\t\t<p>The Adventure Park Pe\u0107 Mlini is located near the\nsource of the Tihaljina River in the municipality of Grude. In Pe\u0107 Mlini, you can find the longest zipline in Bosnia and Herzegovina, and if you enjoy thrills, you can also try sports climbing.<\/p>\n\n\t\t<\/div>\n\t<\/div>\n<\/div><\/div><\/div><\/div><\/div><\/div><\/div><\/div><\/div><\/section><section class=\"vc_row wpb_row vc_row-fluid bg-light not-equal not-color\"><div class=\"container\"><div class=\"row\"><div class=\"wpb_column vc_column_container vc_col-sm-12\"><div class=\"vc_column-inner\"><div class=\"wpb_wrapper\"><div class=\"tlg-spacer\" data-height=\"20\" data-height-tablet=\"20\" data-height-mobile=\"20\" style=\"clear:both;display:block;height:20px;\"><\/div><\/div><\/div><\/div><\/div><\/div><\/section>\n<\/div>","protected":false},"excerpt":{"rendered":"Znametiosti u blizini centra \u0160to posjetiti tijekom boravka u Ljubu\u0161kom? Zanimljiva povijest i utjecaj prirode osigurali su gradu mno\u0161tvo znamenitosti i prirodnih ljepota te...","protected":false},"author":1,"featured_media":0,"parent":0,"menu_order":0,"comment_status":"closed","ping_status":"closed","template":"","meta":{"footnotes":""},"class_list":["post-354","page","type-page","status-publish","hentry"],"_links":{"self":[{"href":"https:\/\/adriacentar.com\/en\/wp-json\/wp\/v2\/pages\/354","targetHints":{"allow":["GET"]}}],"collection":[{"href":"https:\/\/adriacentar.com\/en\/wp-json\/wp\/v2\/pages"}],"about":[{"href":"https:\/\/adriacentar.com\/en\/wp-json\/wp\/v2\/types\/page"}],"author":[{"embeddable":true,"href":"https:\/\/adriacentar.com\/en\/wp-json\/wp\/v2\/users\/1"}],"replies":[{"embeddable":true,"href":"https:\/\/adriacentar.com\/en\/wp-json\/wp\/v2\/comments?post=354"}],"version-history":[{"count":28,"href":"https:\/\/adriacentar.com\/en\/wp-json\/wp\/v2\/pages\/354\/revisions"}],"predecessor-version":[{"id":6831,"href":"https:\/\/adriacentar.com\/en\/wp-json\/wp\/v2\/pages\/354\/revisions\/6831"}],"wp:attachment":[{"href":"https:\/\/adriacentar.com\/en\/wp-json\/wp\/v2\/media?parent=354"}],"curies":[{"name":"wp","href":"https:\/\/api.w.org\/{rel}","templated":true}]}}