{"id":2015,"date":"2016-02-23T14:21:05","date_gmt":"2016-02-23T14:21:05","guid":{"rendered":"http:\/\/demo.themelogi.com\/roneous\/?page_id=2015"},"modified":"2025-04-07T19:35:20","modified_gmt":"2025-04-07T19:35:20","slug":"pocetna","status":"publish","type":"page","link":"https:\/\/adriacentar.com\/en\/","title":{"rendered":"Home"},"content":{"rendered":"<div class=\"wpb-content-wrapper\"><section class=\"vc_row wpb_row vc_row-fluid bg-light video-bg overlay z-index fullscreen not-equal not-color\"><div class=\"video-background-content\"><video autoplay muted loop playsinline><source src=\"https:\/\/adriacentar.com\/wp-content\/uploads\/2025\/04\/Adria-Centar-Kocusa-optmized.mp4\" type=\"video\/mp4\"><source src=\"\" type=\"video\/webm\"><\/video><\/div><div  class=\"background-overlay\"><\/div><div class=\"container  vertical-alignment\"><div class=\"row\"><div class=\"wpb_column vc_column_container vc_col-sm-12\"><div class=\"vc_column-inner\"><div class=\"wpb_wrapper\"><\/div><\/div><\/div><\/div><\/div><\/section><section class=\"vc_row wpb_row vc_row-fluid bg-light pb0 not-equal not-color vc_custom_1716885191662\"><div class=\"container\"><div class=\"row\"><div class=\"wpb_column vc_column_container vc_col-sm-2\"><div class=\"vc_column-inner\"><div class=\"wpb_wrapper\"><\/div><\/div><\/div><div class=\"wpb_column vc_column_container vc_col-sm-8\"><div class=\"vc_column-inner vc_custom_1716886418962\"><div class=\"wpb_wrapper\"><div class=\"headings-title\"><div class=\"mb0 mb16 mb-xs-40 text-center\"><h2 style=\"text-transform: none!important;\" class=\"widgettitle mb0\">Welcome to Adria centar Ko\u0107u\u0161a<\/h2><\/div><\/div>\n\t<div class=\"wpb_text_column wpb_content_element vc_custom_1718137126760\" >\n\t\t<div class=\"wpb_wrapper\">\n\t\t\t<p style=\"text-align: center;\">Our family accommodation is placed in a peaceful village of Veljaci, right next to the enchanting Ko\u0107u\u0161a waterfalls, 10 km away from the city of Ljubu\u0161ki and just a few kilometers from the Croatia border. Adria centar Ko\u0107u\u0161a is also situated near the Kravica waterfalls and numerous other attractions such as the old town of Ljubu\u0161ki, where the medieval fortress of Herceg Stjepan Kosa\u010da stands, the Franciscan Monastery on Humac housing the oldest museum in Bosnia and Herzegovina, the \u201cMajka\u201d Gallery, and the Roman excavations of Gra\u010dina.<\/p>\n<p style=\"text-align: center;\">Adria centar Ko\u0107u\u0161a is close to many important attractions of Herzegovina. Our guests can enjoy short trips to famous destinations such as the Shrine of Our Lady Queen of Peace in\nMe\u0111ugorje, which is 30 minutes away from us, the Old Bridge in Mostar, which is about forty minutes away, and the Adriatic Sea coast, which is approximately 40 minutes from our accommodation.<\/p>\n\n\t\t<\/div>\n\t<\/div>\n<div class=\"tlg-spacer\" data-height=\"40\" data-height-tablet=\"40\" data-height-mobile=\"40\" style=\"clear:both;display:block;height:40px;\"><\/div>\n\t<div class=\"wpb_text_column wpb_content_element\" >\n\t\t<div class=\"wpb_wrapper\">\n\t\t\t<p style=\"text-align: center;\"><a href=\"\/en\/o-nama\/\"><u>Read more<\/u><\/a><\/p>\n\n\t\t<\/div>\n\t<\/div>\n<\/div><\/div><\/div><div class=\"wpb_column vc_column_container vc_col-sm-2\"><div class=\"vc_column-inner\"><div class=\"wpb_wrapper\"><\/div><\/div><\/div><\/div><\/div><\/section><section class=\"vc_row wpb_row vc_row-fluid bg-dark pt0 not-equal not-color vc_custom_1721717902846 vc_row-has-fill image-bg z-index overlay parallax\"><div class=\"background-content\"><img decoding=\"async\" alt=\"background\" class=\"background-image\" src=\"https:\/\/adriacentar.com\/wp-content\/uploads\/2024\/06\/Make-9769.jpg?id=6484\" \/><div  class=\"background-overlay\"><\/div><\/div><div class=\"container\"><div class=\"row\"><div class=\"wpb_column vc_column_container vc_col-sm-3\"><div class=\"vc_column-inner\"><div class=\"wpb_wrapper\"><div id=\"iconbox-69d0988196eee\" class=\"\"><div class=\"icon-link\"><div class=\"relative mb0 text-center\">\n\t\t\t\t\t\t\t<i style=\"font-size:32px!important;color:#ffffff;\" class=\"ti-home   inline-block mb16 ms-text icon-lg\"><\/i>\n\t\t\t\t\t\t\t<h5  class=\"widgettitle mb8\">Rooms and apartments<\/h5>\n\t\t\t\t\t\t\t<div  class=\"widgetsubtitle mb16\"><\/div>\n\t\t\t\t\t\t\t<div  class=\"icon-content\"><p>All rooms and apartments are decorated in a modern style with premium interiors. Guests have access to free parking and WiFi internet. A continental breakfast is served every morning.<\/p>\n<\/div> \n\t\t\t\t\t\t<\/div><\/div><\/div><\/div><\/div><\/div><div class=\"wpb_column vc_column_container vc_col-sm-3\"><div class=\"vc_column-inner\"><div class=\"wpb_wrapper\"><div id=\"iconbox-69d09881970a9\" class=\"\"><div class=\"icon-link\"><div class=\"relative mb0 text-center\">\n\t\t\t\t\t\t\t<i style=\"font-size:32px!important;color:#ffffff;\" class=\"ti-user   inline-block mb16 ms-text icon-lg\"><\/i>\n\t\t\t\t\t\t\t<h5  class=\"widgettitle mb8\">Team building<\/h5>\n\t\t\t\t\t\t\t<div  class=\"widgetsubtitle mb16\"><\/div>\n\t\t\t\t\t\t\t<div  class=\"icon-content\"><p>Have fun and relax with your work colleagues. Enjoy activities, entertainment, comfort, and gastronomic delights.<\/p>\n<\/div> \n\t\t\t\t\t\t<\/div><\/div><\/div><\/div><\/div><\/div><div class=\"wpb_column vc_column_container vc_col-sm-3\"><div class=\"vc_column-inner\"><div class=\"wpb_wrapper\"><div id=\"iconbox-69d0988197269\" class=\"\"><div class=\"icon-link\"><div class=\"relative mb0 text-center\">\n\t\t\t\t\t\t\t<i style=\"font-size:32px!important;color:#ffffff;\" class=\"ti-basketball   inline-block mb16 ms-text icon-lg\"><\/i>\n\t\t\t\t\t\t\t<h5  class=\"widgettitle mb8\">Sport and recreation<\/h5>\n\t\t\t\t\t\t\t<div  class=\"widgetsubtitle mb16\"><\/div>\n\t\t\t\t\t\t\t<div  class=\"icon-content\"><p>Guests of Adria centar Ko\u0107u\u0161a can enjoy:<\/p>\n<ul>\n<li>Canoe tours or boat rides<\/li>\n<li>Riverside walks or cycling<\/li>\n<li>Quad biking or paragliding<\/li>\n<li>Fishing<\/li>\n<li>Gym<\/li>\n<\/ul>\n<p>\n<\/div> \n\t\t\t\t\t\t<\/div><\/div><\/div><\/div><\/div><\/div><div class=\"wpb_column vc_column_container vc_col-sm-3\"><div class=\"vc_column-inner\"><div class=\"wpb_wrapper\"><div id=\"iconbox-69d0988197444\" class=\"\"><div class=\"icon-link\"><div class=\"relative mb0 text-center\">\n\t\t\t\t\t\t\t<i style=\"font-size:32px!important;color:#ffffff;\" class=\"ti-info-alt   inline-block mb16 ms-text icon-lg\"><\/i>\n\t\t\t\t\t\t\t<h5  class=\"widgettitle mb8\">More facilities<\/h5>\n\t\t\t\t\t\t\t<div  class=\"widgetsubtitle mb16\"><\/div>\n\t\t\t\t\t\t\t<div  class=\"icon-content\"><\/p>\n<ul>\n<li>Restaurants with traditional cuisine<\/li>\n<li>Swimming pool<\/li>\n<li>Small relaxation pool<\/li>\n<li>Visit to Ko\u0107u\u0161a and Kravica waterfalls<\/li>\n<li>Tour of the old town of Ljubu\u0161ki<\/li>\n<li>Adventure Park Pe\u0107 Mlini<\/li>\n<\/ul>\n<p>\n<\/div> \n\t\t\t\t\t\t<\/div><\/div><\/div><\/div><\/div><\/div><\/div><\/div><\/section>\n<\/div>","protected":false},"excerpt":{"rendered":"Dobro do\u0161li u Adria centar Ko\u0107u\u0161a Obiteljski smje\u0161taj nalazi se na mirnoj lokaciji u selu Veljaci, tik uz \u010darobne vodopade Ko\u0107u\u0161e, udaljen 10 km...","protected":false},"author":1,"featured_media":0,"parent":0,"menu_order":0,"comment_status":"closed","ping_status":"closed","template":"","meta":{"footnotes":""},"class_list":["post-2015","page","type-page","status-publish","hentry"],"_links":{"self":[{"href":"https:\/\/adriacentar.com\/en\/wp-json\/wp\/v2\/pages\/2015","targetHints":{"allow":["GET"]}}],"collection":[{"href":"https:\/\/adriacentar.com\/en\/wp-json\/wp\/v2\/pages"}],"about":[{"href":"https:\/\/adriacentar.com\/en\/wp-json\/wp\/v2\/types\/page"}],"author":[{"embeddable":true,"href":"https:\/\/adriacentar.com\/en\/wp-json\/wp\/v2\/users\/1"}],"replies":[{"embeddable":true,"href":"https:\/\/adriacentar.com\/en\/wp-json\/wp\/v2\/comments?post=2015"}],"version-history":[{"count":115,"href":"https:\/\/adriacentar.com\/en\/wp-json\/wp\/v2\/pages\/2015\/revisions"}],"predecessor-version":[{"id":6923,"href":"https:\/\/adriacentar.com\/en\/wp-json\/wp\/v2\/pages\/2015\/revisions\/6923"}],"wp:attachment":[{"href":"https:\/\/adriacentar.com\/en\/wp-json\/wp\/v2\/media?parent=2015"}],"curies":[{"name":"wp","href":"https:\/\/api.w.org\/{rel}","templated":true}]}}