{"id":1963,"date":"2016-02-22T15:55:25","date_gmt":"2016-02-22T15:55:25","guid":{"rendered":"http:\/\/demo.themelogi.com\/roneous\/?page_id=1963"},"modified":"2025-04-09T15:56:25","modified_gmt":"2025-04-09T15:56:25","slug":"kontakt","status":"publish","type":"page","link":"https:\/\/adriacentar.com\/en\/kontakt\/","title":{"rendered":"Contact us"},"content":{"rendered":"<div class=\"wpb-content-wrapper\"><section class=\"vc_row wpb_row vc_row-fluid bg-light not-equal not-color vc_custom_1721825750146 vc_row-has-fill image-bg z-index overlay parallax\"><div class=\"background-content\"><img decoding=\"async\" alt=\"background\" class=\"background-image\" src=\"https:\/\/adriacentar.com\/wp-content\/uploads\/2024\/06\/DJI_0346.jpg?id=6518\" \/><div  class=\"background-overlay\"><\/div><\/div><div class=\"container\"><div class=\"row\"><div class=\"wpb_column vc_column_container vc_col-sm-12\"><div class=\"vc_column-inner\"><div class=\"wpb_wrapper\"><\/div><\/div><\/div><\/div><\/div><\/section><section class=\"vc_row wpb_row vc_row-fluid bg-light not-equal not-color\"><div class=\"container\"><div class=\"row\"><div class=\"wpb_column vc_column_container vc_col-sm-8\"><div class=\"vc_column-inner vc_custom_1716887043627\"><div class=\"wpb_wrapper\"><div class=\"tlg-custom-embed\"><iframe style=\"height: 400px;\" frameborder=\"0\" scrolling=\"no\" marginheight=\"0\" marginwidth=\"0\" src=\"https:\/\/maps.google.com\/maps?q=Adria%20centar%20Ko%C4%87u%C5%A1a%2C%20Ljubu%C5%A1ki&amp;t=m&amp;z=14&amp;output=embed&amp;iwloc=near\" aria-label=\"Adria centar Ko\u0107u\u0161a, Ljubu\u0161ki\"><\/iframe><\/div><\/div><\/div><\/div><div class=\"wpb_column vc_column_container vc_col-sm-4\"><div class=\"vc_column-inner vc_custom_1716887063418\"><div class=\"wpb_wrapper\">\n\t<div class=\"wpb_text_column wpb_content_element vc_custom_1721768348905\" >\n\t\t<div class=\"wpb_wrapper\">\n\t\t\t<h4 style=\"color: white;\">Contact info<\/h4>\n\n\t\t<\/div>\n\t<\/div>\n\n\t<div class=\"wpb_text_column wpb_content_element vc_custom_1744214185200\" >\n\t\t<div class=\"wpb_wrapper\">\n\t\t\t<p><u>Adria centar Ko\u0107u\u0161a d.o.o.<\/u><span style=\"display: block;\">Adresa: <a href=\"https:\/\/maps.app.goo.gl\/oXqmDd4JvgLH8Vet5\" target=\"_blank\" rel=\"noopener\">Veljaci 35, Ljubu\u0161ki 88320<\/a><a href=\"https:\/\/www.google.com\/maps\/search\/?q=Veljaci+35+Ljubu\u0161ki+88320\" target=\"_blank\" rel=\"noopener\"><br \/>\n<\/a><\/span><span style=\"display: block;\">Telefon: <a href=\"tel:+38763490500\" target=\"_blank\" rel=\"noopener\">+387 63 490 500<\/a><\/span><span style=\"display: block;\">Email: <a href=\"mailto:info@adriacentar.com\">info@adriacentar.com<\/a><\/span><span style=\"display: block;\">ID Broj: 4272413010009<\/span><span style=\"display: block;\">Broj transakcijskog ra\u010duna: 1610000212940037<\/span><\/p>\n\n\t\t<\/div>\n\t<\/div>\n<\/div><\/div><\/div><\/div><\/div><\/section>\n<\/div>","protected":false},"excerpt":{"rendered":"Kontakt informacije Adria centar Ko\u0107u\u0161a d.o.o.Adresa: Veljaci 35, Ljubu\u0161ki 88320 Telefon: +387 63 490 500Email: info@adriacentar.comID Broj: 4272413010009Broj transakcijskog ra\u010duna: 1610000212940037","protected":false},"author":1,"featured_media":0,"parent":0,"menu_order":0,"comment_status":"closed","ping_status":"closed","template":"","meta":{"footnotes":""},"class_list":["post-1963","page","type-page","status-publish","hentry"],"_links":{"self":[{"href":"https:\/\/adriacentar.com\/en\/wp-json\/wp\/v2\/pages\/1963","targetHints":{"allow":["GET"]}}],"collection":[{"href":"https:\/\/adriacentar.com\/en\/wp-json\/wp\/v2\/pages"}],"about":[{"href":"https:\/\/adriacentar.com\/en\/wp-json\/wp\/v2\/types\/page"}],"author":[{"embeddable":true,"href":"https:\/\/adriacentar.com\/en\/wp-json\/wp\/v2\/users\/1"}],"replies":[{"embeddable":true,"href":"https:\/\/adriacentar.com\/en\/wp-json\/wp\/v2\/comments?post=1963"}],"version-history":[{"count":47,"href":"https:\/\/adriacentar.com\/en\/wp-json\/wp\/v2\/pages\/1963\/revisions"}],"predecessor-version":[{"id":6936,"href":"https:\/\/adriacentar.com\/en\/wp-json\/wp\/v2\/pages\/1963\/revisions\/6936"}],"wp:attachment":[{"href":"https:\/\/adriacentar.com\/en\/wp-json\/wp\/v2\/media?parent=1963"}],"curies":[{"name":"wp","href":"https:\/\/api.w.org\/{rel}","templated":true}]}}