{"id":1959,"date":"2016-02-22T15:54:54","date_gmt":"2016-02-22T15:54:54","guid":{"rendered":"http:\/\/demo.themelogi.com\/roneous\/?page_id=1959"},"modified":"2024-07-03T12:34:40","modified_gmt":"2024-07-03T12:34:40","slug":"o-nama","status":"publish","type":"page","link":"https:\/\/adriacentar.com\/en\/o-nama\/","title":{"rendered":"About us"},"content":{"rendered":"<div class=\"wpb-content-wrapper\"><section class=\"vc_row wpb_row vc_row-fluid bg-light not-equal not-color vc_custom_1719668302382 vc_row-has-fill image-bg z-index overlay parallax\"><div class=\"background-content\"><img decoding=\"async\" alt=\"background\" class=\"background-image\" src=\"https:\/\/adriacentar.com\/wp-content\/uploads\/2024\/05\/home2.jpg?id=6209\" \/><div  class=\"background-overlay\"><\/div><\/div><div class=\"container\"><div class=\"row\"><div class=\"wpb_column vc_column_container vc_col-sm-12\"><div class=\"vc_column-inner\"><div class=\"wpb_wrapper\"><\/div><\/div><\/div><\/div><\/div><\/section><section class=\"vc_row wpb_row vc_row-fluid bg-light not-equal not-color\"><div class=\"container\"><div class=\"row\"><div class=\"wpb_column vc_column_container vc_col-sm-8\"><div class=\"vc_column-inner vc_custom_1716886450232\"><div class=\"wpb_wrapper\"><div class=\"headings-title\"><div class=\"mb0 mb16 mb-xs-40 text-left\"><h2 style=\"text-transform: none!important;\" class=\"widgettitle mb0\">Adria centar Ko\u0107u\u0161a<\/h2><\/div><\/div>\n\t<div class=\"wpb_text_column wpb_content_element vc_custom_1718137087922\" >\n\t\t<div class=\"wpb_wrapper\">\n\t\t\t<p>Our family accommodation is placed in a peaceful village of Veljaci, right next to the\nenchanting Ko\u0107u\u0161a waterfalls, 10 km away from the city of Ljubu\u0161ki and just a few kilometers from the Croatia border. Adria centar Ko\u0107u\u0161a is also situated near the Kravica\nwaterfalls and numerous other attractions such as the old town of Ljubu\u0161ki, where the medieval fortress of Herceg Stjepan Kosa\u010da stands, the Franciscan Monastery on Humac housing the oldest museum in Bosnia and Herzegovina, the \u201cMajka\u201d Gallery, and the Roman excavations of Gra\u010dina.<\/p>\n<p>Adria centar Ko\u0107u\u0161a is close to many important attractions of Herzegovina. Our guests can enjoy short trips to famous destinations such as the Shrine of Our Lady Queen of Peace in\nMe\u0111ugorje, which is 30 minutes away from us, the Old Bridge in Mostar, which is about forty minutes away, and the Adriatic Sea coast, which is approximately 40 minutes from our accommodation.<\/p>\n<p>Additionally, Adria centar Ko\u0107u\u0161a offers connectivity to airports - Mostar Airport is approximately 40km away, while Split and Dubrovnik airports are about a hundred kilometers from our property.<\/p>\n<p>Our guests have access to rooms with modern interiors and a newly opened luxury apartment\nthat provides an additional sense of comfort and elegance. Next to the property is a 120-year- old mill, where the restaurant \u201cKonoba Ko\u0107u\u0161a\u201d is located, offering delicacies of traditional Herzegovinian cuisine where you can enjoy delicacies of traditional Herzegovinian cuisine. Alongside meals, guests can sample the finest wines from Herzegovina. Near our accommodation, guests can explore hiking and biking trails. Bicycle and kayak rentals can be arranged at the reception. Adria centar Ko\u0107u\u0161a also offers free parking with video surveillance.<\/p>\n\n\t\t<\/div>\n\t<\/div>\n<\/div><\/div><\/div><div class=\"wpb_column vc_column_container vc_col-sm-4\"><div class=\"vc_column-inner vc_custom_1716885669984\"><div class=\"wpb_wrapper\">\n\t<div class=\"wpb_text_column wpb_content_element vc_custom_1716663492737\" >\n\t\t<div class=\"wpb_wrapper\">\n\t\t\t<h4 style=\"color: white;\">Informations<\/h4>\n\n\t\t<\/div>\n\t<\/div>\n\n\t<div class=\"wpb_text_column wpb_content_element vc_custom_1720010079581\" >\n\t\t<div class=\"wpb_wrapper\">\n\t\t\t<p><u>Adria centar Ko\u0107u\u0161a d.o.o.<\/u><br \/>\nAddress: Veljaci 35, Ljubu\u0161ki 88320<br \/>\nPhone: + 387 63 490 500<br \/>\nEmail: info@adriacentar.com<br \/>\nID number: 4272413010009<br \/>\nRaiffeisen bank: 1610 0002 1294 0037<\/p>\n\n\t\t<\/div>\n\t<\/div>\n<\/div><\/div><\/div><\/div><\/div><\/section><section class=\"vc_row wpb_row vc_row-fluid bg-light not-equal not-color\"><div class=\"container\"><div class=\"row\"><div class=\"wpb_column vc_column_container vc_col-sm-3\"><div class=\"vc_column-inner\"><div class=\"wpb_wrapper\"><div class=\"headings-title\"><div class=\"display-table mb16 mb-xs-40 text-left\"><div class=\"display-cell vertical-top\" style=\"width:5%;\"><i  class=\"ti-rss-alt mr-15 ms-text\"><\/i><\/div><div class=\"display-cell\"><h5  class=\"widgettitle mb0\">Internet<\/h5><\/div><\/div><\/div>\n\t<div class=\"wpb_text_column wpb_content_element\" >\n\t\t<div class=\"wpb_wrapper\">\n\t\t\t<ul>\n<li>Wireless internet access is available throughout the whole property and is free of charge.<\/li>\n<\/ul>\n\n\t\t<\/div>\n\t<\/div>\n<\/div><\/div><\/div><div class=\"wpb_column vc_column_container vc_col-sm-3\"><div class=\"vc_column-inner\"><div class=\"wpb_wrapper\"><div class=\"headings-title\"><div class=\"display-table mb16 mb-xs-40 text-left\"><div class=\"display-cell vertical-top\" style=\"width:5%;\"><i  class=\"ti-car mr-15 ms-text\"><\/i><\/div><div class=\"display-cell\"><h5  class=\"widgettitle mb0\">Parking<\/h5><\/div><\/div><\/div>\n\t<div class=\"wpb_text_column wpb_content_element\" >\n\t\t<div class=\"wpb_wrapper\">\n\t\t\t<ul>\n<li>Free private parking is available on site and reservation is not needed.<\/li>\n<li>Parking under surveillance.<\/li>\n<\/ul>\n\n\t\t<\/div>\n\t<\/div>\n<\/div><\/div><\/div><div class=\"wpb_column vc_column_container vc_col-sm-3\"><div class=\"vc_column-inner\"><div class=\"wpb_wrapper\"><div class=\"headings-title\"><div class=\"display-table mb16 mb-xs-40 text-left\"><div class=\"display-cell vertical-top\" style=\"width:5%;\"><i  class=\"ti-info-alt mr-15 ms-text\"><\/i><\/div><div class=\"display-cell\"><h5  class=\"widgettitle mb0\">RECEPTION SERVICES<\/h5><\/div><\/div><\/div>\n\t<div class=\"wpb_text_column wpb_content_element\" >\n\t\t<div class=\"wpb_wrapper\">\n\t\t\t<ul>\n<li>Luggage storage<\/li>\n<li>Tour desk<\/li>\n<\/ul>\n\n\t\t<\/div>\n\t<\/div>\n<\/div><\/div><\/div><div class=\"wpb_column vc_column_container vc_col-sm-3\"><div class=\"vc_column-inner\"><div class=\"wpb_wrapper\"><div class=\"headings-title\"><div class=\"display-table mb16 mb-xs-40 text-left\"><div class=\"display-cell vertical-top\" style=\"width:5%;\"><i  class=\"ti-stats-up mr-15 ms-text\"><\/i><\/div><div class=\"display-cell\"><h5  class=\"widgettitle mb0\">BUSINESS FACILITIES<\/h5><\/div><\/div><\/div>\n\t<div class=\"wpb_text_column wpb_content_element\" >\n\t\t<div class=\"wpb_wrapper\">\n\t\t\t<ul>\n<li>Conference room \/ banquet organization possibility<\/li>\n<li>Organizing business gatherings (Team building)<\/li>\n<\/ul>\n\n\t\t<\/div>\n\t<\/div>\n<\/div><\/div><\/div><\/div><\/div><\/section><section class=\"vc_row wpb_row vc_row-fluid bg-light not-equal not-color\"><div class=\"container\"><div class=\"row\"><div class=\"wpb_column vc_column_container vc_col-sm-3\"><div class=\"vc_column-inner\"><div class=\"wpb_wrapper\"><div class=\"headings-title\"><div class=\"display-table mb16 mb-xs-40 text-left\"><div class=\"display-cell vertical-top\" style=\"width:5%;\"><i  class=\"ti-clipboard mr-15 ms-text\"><\/i><\/div><div class=\"display-cell\"><h5  class=\"widgettitle mb0\">Food and drink<\/h5><\/div><\/div><\/div>\n\t<div class=\"wpb_text_column wpb_content_element\" >\n\t\t<div class=\"wpb_wrapper\">\n\t\t\t<ul>\n<li>Breakfast included<\/li>\n<li>Caf\u00e9 bar within Adria centar Ko\u0107u\u0161a<\/li>\n<li>Restaurant \"Konoba Ko\u0107u\u0161a\" (right next to us)<\/li>\n<li>Restaurant \"Konoba kod Nede\" (50m from us)<\/li>\n<li>Restaurant \"Prirodni vodeni park Ko\u0107u\u0161a\" (300m from us)<\/li>\n<\/ul>\n\n\t\t<\/div>\n\t<\/div>\n<\/div><\/div><\/div><div class=\"wpb_column vc_column_container vc_col-sm-3\"><div class=\"vc_column-inner\"><div class=\"wpb_wrapper\"><div class=\"headings-title\"><div class=\"display-table mb16 mb-xs-40 text-left\"><div class=\"display-cell vertical-top\" style=\"width:5%;\"><i  class=\"ti-game mr-15 ms-text\"><\/i><\/div><div class=\"display-cell\"><h5  class=\"widgettitle mb0\">ENTERTAINMENT AND FAMILY FACILITIES<\/h5><\/div><\/div><\/div>\n\t<div class=\"wpb_text_column wpb_content_element\" >\n\t\t<div class=\"wpb_wrapper\">\n\t\t\t<ul>\n<li>Canoe tours<\/li>\n<li>Boat trips, river, nature, and cave sightseeing<\/li>\n<li>Riverside walking path<\/li>\n<li>Children's playground<\/li>\n<li>Cycling<\/li>\n<li>Quad biking<\/li>\n<li>Paragliding<\/li>\n<li>Fishing<\/li>\n<\/ul>\n\n\t\t<\/div>\n\t<\/div>\n<\/div><\/div><\/div><div class=\"wpb_column vc_column_container vc_col-sm-3\"><div class=\"vc_column-inner\"><div class=\"wpb_wrapper\"><div class=\"headings-title\"><div class=\"display-table mb16 mb-xs-40 text-left\"><div class=\"display-cell vertical-top\" style=\"width:5%;\"><i  class=\"ti-truck mr-15 ms-text\"><\/i><\/div><div class=\"display-cell\"><h5  class=\"widgettitle mb0\">TRANSPORTATION<\/h5><\/div><\/div><\/div>\n\t<div class=\"wpb_text_column wpb_content_element\" >\n\t\t<div class=\"wpb_wrapper\">\n\t\t\t<ul>\n<li>Airport shuttle service (additional charge)<\/li>\n<li>Car rental (additional charge)<\/li>\n<li>Transportation service (additional charge)<\/li>\n<\/ul>\n\n\t\t<\/div>\n\t<\/div>\n<\/div><\/div><\/div><div class=\"wpb_column vc_column_container vc_col-sm-3\"><div class=\"vc_column-inner\"><div class=\"wpb_wrapper\"><div class=\"headings-title\"><div class=\"display-table mb16 mb-xs-40 text-left\"><div class=\"display-cell vertical-top\" style=\"width:5%;\"><i  class=\"ti-shopping-cart mr-15 ms-text\"><\/i><\/div><div class=\"display-cell\"><h5  class=\"widgettitle mb0\">SHOPS NEAR THE PROPERTY<\/h5><\/div><\/div><\/div>\n\t<div class=\"wpb_text_column wpb_content_element\" >\n\t\t<div class=\"wpb_wrapper\">\n\t\t\t<ul>\n<li>TR. MAKI (450m)<\/li>\n<li>G-GAS gas station (500m)<\/li>\n<li>Peri\u0107 gas station (1.9km)<\/li>\n<li>Diskont Planini\u0107 (2.3km)<\/li>\n<li>Nameks Supermarket (2.8km)<\/li>\n<\/ul>\n\n\t\t<\/div>\n\t<\/div>\n<\/div><\/div><\/div><\/div><\/div><\/section><section class=\"vc_row wpb_row vc_row-fluid bg-light not-equal not-color\"><div class=\"container\"><div class=\"row\"><div class=\"wpb_column vc_column_container vc_col-sm-3\"><div class=\"vc_column-inner\"><div class=\"wpb_wrapper\"><div class=\"headings-title\"><div class=\"display-table mb16 mb-xs-40 text-left\"><div class=\"display-cell vertical-top\" style=\"width:5%;\"><i  class=\"ti-basketball mr-15 ms-text\"><\/i><\/div><div class=\"display-cell\"><h5  class=\"widgettitle mb0\">Wellness<\/h5><\/div><\/div><\/div>\n\t<div class=\"wpb_text_column wpb_content_element\" >\n\t\t<div class=\"wpb_wrapper\">\n\t\t\t<ul>\n<li>Massage (additional charge)<\/li>\n<\/ul>\n\n\t\t<\/div>\n\t<\/div>\n<\/div><\/div><\/div><div class=\"wpb_column vc_column_container vc_col-sm-3\"><div class=\"vc_column-inner\"><div class=\"wpb_wrapper\"><div class=\"headings-title\"><div class=\"display-table mb16 mb-xs-40 text-left\"><div class=\"display-cell vertical-top\" style=\"width:5%;\"><i  class=\"ti-anchor mr-15 ms-text\"><\/i><\/div><div class=\"display-cell\"><h5  class=\"widgettitle mb0\">Pets<\/h5><\/div><\/div><\/div>\n\t<div class=\"wpb_text_column wpb_content_element\" >\n\t\t<div class=\"wpb_wrapper\">\n\t\t\t<ul>\n<li>Pets are not allowed<\/li>\n<\/ul>\n\n\t\t<\/div>\n\t<\/div>\n<\/div><\/div><\/div><div class=\"wpb_column vc_column_container vc_col-sm-3\"><div class=\"vc_column-inner\"><div class=\"wpb_wrapper\"><\/div><\/div><\/div><div class=\"wpb_column vc_column_container vc_col-sm-3\"><div class=\"vc_column-inner\"><div class=\"wpb_wrapper\"><\/div><\/div><\/div><\/div><\/div><\/section><section class=\"vc_row wpb_row vc_row-fluid bg-light not-equal not-color\"><div class=\"container\"><div class=\"row\"><div class=\"wpb_column vc_column_container vc_col-sm-12\"><div class=\"vc_column-inner\"><div class=\"wpb_wrapper\"><div class=\"tlg-spacer\" data-height=\"20\" data-height-tablet=\"20\" data-height-mobile=\"20\" style=\"clear:both;display:block;height:20px;\"><\/div><\/div><\/div><\/div><\/div><\/div><\/section>\n<\/div>","protected":false},"excerpt":{"rendered":"Adria centar Ko\u0107u\u0161a Obiteljski smje\u0161taj nalazi se na mirnoj lokaciji u selu Veljaci, tik uz \u010darobne vodopade Ko\u0107u\u0161e, udaljen 10km od grada Ljubu\u0161kog, te...","protected":false},"author":1,"featured_media":3438,"parent":0,"menu_order":0,"comment_status":"closed","ping_status":"closed","template":"","meta":{"footnotes":""},"class_list":["post-1959","page","type-page","status-publish","has-post-thumbnail","hentry"],"_links":{"self":[{"href":"https:\/\/adriacentar.com\/en\/wp-json\/wp\/v2\/pages\/1959","targetHints":{"allow":["GET"]}}],"collection":[{"href":"https:\/\/adriacentar.com\/en\/wp-json\/wp\/v2\/pages"}],"about":[{"href":"https:\/\/adriacentar.com\/en\/wp-json\/wp\/v2\/types\/page"}],"author":[{"embeddable":true,"href":"https:\/\/adriacentar.com\/en\/wp-json\/wp\/v2\/users\/1"}],"replies":[{"embeddable":true,"href":"https:\/\/adriacentar.com\/en\/wp-json\/wp\/v2\/comments?post=1959"}],"version-history":[{"count":50,"href":"https:\/\/adriacentar.com\/en\/wp-json\/wp\/v2\/pages\/1959\/revisions"}],"predecessor-version":[{"id":6834,"href":"https:\/\/adriacentar.com\/en\/wp-json\/wp\/v2\/pages\/1959\/revisions\/6834"}],"wp:featuredmedia":[{"embeddable":true,"href":"https:\/\/adriacentar.com\/en\/wp-json\/wp\/v2\/media\/3438"}],"wp:attachment":[{"href":"https:\/\/adriacentar.com\/en\/wp-json\/wp\/v2\/media?parent=1959"}],"curies":[{"name":"wp","href":"https:\/\/api.w.org\/{rel}","templated":true}]}}